{"id":18,"date":"2023-12-02T11:30:37","date_gmt":"2023-12-02T11:30:37","guid":{"rendered":"https:\/\/izanges.fr\/voyance\/cart\/"},"modified":"2024-07-01T09:21:55","modified_gmt":"2024-07-01T09:21:55","slug":"panier","status":"publish","type":"page","link":"https:\/\/izanges.fr\/voyance\/panier\/","title":{"rendered":"Panier"},"content":{"rendered":"\n<div data-block-name=\"woocommerce\/cart\" class=\"wp-block-woocommerce-cart alignwide is-loading\">\n<div data-block-name=\"woocommerce\/filled-cart-block\" class=\"wp-block-woocommerce-filled-cart-block\">\n<div data-block-name=\"woocommerce\/cart-items-block\" class=\"wp-block-woocommerce-cart-items-block\">\n<div data-block-name=\"woocommerce\/cart-line-items-block\" class=\"wp-block-woocommerce-cart-line-items-block\"><\/div>\n\n\n\n<div data-block-name=\"woocommerce\/cart-cross-sells-block\" class=\"wp-block-woocommerce-cart-cross-sells-block\">\n<h2 class=\"wp-block-heading has-large-font-size\">Vous serez s\u00fbrement int\u00e9ress\u00e9s par &#8230;<\/h2>\n\n\n\n<div data-block-name=\"woocommerce\/cart-cross-sells-products-block\" class=\"wp-block-woocommerce-cart-cross-sells-products-block\"><\/div>\n<\/div>\n<\/div>\n\n\n\n<div data-block-name=\"woocommerce\/cart-totals-block\" class=\"wp-block-woocommerce-cart-totals-block\">\n<div data-block-name=\"woocommerce\/cart-order-summary-block\" class=\"wp-block-woocommerce-cart-order-summary-block\">\n<div data-block-name=\"woocommerce\/cart-order-summary-heading-block\" data-content=\"Total panier\" class=\"wp-block-woocommerce-cart-order-summary-heading-block\"><\/div>\n\n\n\n<div data-block-name=\"woocommerce\/cart-order-summary-coupon-form-block\" class=\"wp-block-woocommerce-cart-order-summary-coupon-form-block\"><\/div>\n\n\n\n<div data-block-name=\"woocommerce\/cart-order-summary-totals-block\" class=\"wp-block-woocommerce-cart-order-summary-totals-block\">\n<div data-block-name=\"woocommerce\/cart-order-summary-subtotal-block\" class=\"wp-block-woocommerce-cart-order-summary-subtotal-block\"><\/div>\n\n\n\n<div data-block-name=\"woocommerce\/cart-order-summary-fee-block\" class=\"wp-block-woocommerce-cart-order-summary-fee-block\"><\/div>\n\n\n\n<div data-block-name=\"woocommerce\/cart-order-summary-discount-block\" class=\"wp-block-woocommerce-cart-order-summary-discount-block\"><\/div>\n\n\n\n<div data-block-name=\"woocommerce\/cart-order-summary-shipping-block\" class=\"wp-block-woocommerce-cart-order-summary-shipping-block\"><\/div>\n\n\n\n<div data-block-name=\"woocommerce\/cart-order-summary-taxes-block\" class=\"wp-block-woocommerce-cart-order-summary-taxes-block\"><\/div>\n<\/div>\n<\/div>\n\n\n\n\n\n<div data-block-name=\"woocommerce\/cart-express-payment-block\" class=\"wp-block-woocommerce-cart-express-payment-block\"><\/div>\n\n\n\n<div data-block-name=\"woocommerce\/proceed-to-checkout-block\" class=\"wp-block-woocommerce-proceed-to-checkout-block\"><\/div>\n\n\n\n<div data-block-name=\"woocommerce\/cart-accepted-payment-methods-block\" class=\"wp-block-woocommerce-cart-accepted-payment-methods-block\"><\/div>\n<\/div>\n<\/div>\n\n\n\n<div data-block-name=\"woocommerce\/empty-cart-block\" class=\"wp-block-woocommerce-empty-cart-block\">\n<h2 class=\"wp-block-heading has-text-align-center with-empty-cart-icon wc-block-cart__empty-cart__title\">Votre panier est vide<\/h2>\n\n\n\n<hr class=\"wp-block-separator has-alpha-channel-opacity is-style-dots\"\/>\n\n\n\n<h2 class=\"wp-block-heading has-text-align-center\">Nouveaux produits<\/h2>\n\n\n<div data-block-name=\"woocommerce\/product-new\" data-columns=\"4\" data-rows=\"1\" class=\"wc-block-grid wp-block-product-new wp-block-woocommerce-product-new wc-block-product-new has-4-columns\"><ul class=\"wc-block-grid__products\"><li class=\"wc-block-grid__product\">\n\t\t\t\t<a href=\"https:\/\/izanges.fr\/voyance\/product\/coaching-30-min-pour-se-sentir-en-pleine-forme-tous-les-jours\/\" class=\"wc-block-grid__product-link\">\n\t\t\t\t\t\n\t\t\t\t\t<div class=\"wc-block-grid__product-image\"><img loading=\"lazy\" decoding=\"async\" width=\"300\" height=\"300\" src=\"https:\/\/izanges.fr\/voyance\/wp-content\/uploads\/2024\/08\/homme-heureux.png\" class=\"attachment-woocommerce_thumbnail size-woocommerce_thumbnail\" alt=\"coaching homme heureux\" srcset=\"https:\/\/izanges.fr\/voyance\/wp-content\/uploads\/2024\/08\/homme-heureux.png 512w, https:\/\/izanges.fr\/voyance\/wp-content\/uploads\/2024\/08\/homme-heureux.png 256w, https:\/\/izanges.fr\/voyance\/wp-content\/uploads\/2024\/08\/homme-heureux.png 500w, https:\/\/izanges.fr\/voyance\/wp-content\/uploads\/2024\/08\/homme-heureux.png 96w, https:\/\/izanges.fr\/voyance\/wp-content\/uploads\/2024\/08\/homme-heureux.png 42w, https:\/\/izanges.fr\/voyance\/wp-content\/uploads\/2024\/08\/homme-heureux.png 300w, https:\/\/izanges.fr\/voyance\/wp-content\/uploads\/2024\/08\/homme-heureux.png 100w\" sizes=\"auto, (max-width: 300px) 100vw, 300px\" \/><\/div>\n\t\t\t\t\t<div class=\"wc-block-grid__product-title\">Coaching 30 min pour se sentir en pleine forme tous les jours<\/div>\n\t\t\t\t<\/a>\n\t\t\t\t<div class=\"wc-block-grid__product-price price\"><span class=\"woocommerce-Price-amount amount\">20,00&nbsp;<span class=\"woocommerce-Price-currencySymbol\">&euro;<\/span><\/span><\/div>\n\t\t\t\t\n\t\t\t\t<div class=\"wp-block-button wc-block-grid__product-add-to-cart\"><a href=\"\/voyance\/wp-json\/wp\/v2\/pages\/18?add-to-cart=10517\" aria-label=\"Ajouter au panier\u00a0: &ldquo;Coaching 30 min pour se sentir en pleine forme tous les jours&rdquo;\" data-quantity=\"1\" data-product_id=\"10517\" data-product_sku=\"\" data-price=\"20\" rel=\"nofollow\" class=\"wp-block-button__link  add_to_cart_button ajax_add_to_cart\">Ajouter au panier<\/a><\/div>\n\t\t\t<\/li><li class=\"wc-block-grid__product\">\n\t\t\t\t<a href=\"https:\/\/izanges.fr\/voyance\/product\/pour-vous-reancrer-en-vous\/\" class=\"wc-block-grid__product-link\">\n\t\t\t\t\t\n\t\t\t\t\t<div class=\"wc-block-grid__product-image\"><img loading=\"lazy\" decoding=\"async\" width=\"300\" height=\"300\" src=\"https:\/\/izanges.fr\/voyance\/wp-content\/uploads\/2024\/08\/reancrage.png\" class=\"attachment-woocommerce_thumbnail size-woocommerce_thumbnail\" alt=\"Pour Vous R\u00e9ancrer en Vous\" srcset=\"https:\/\/izanges.fr\/voyance\/wp-content\/uploads\/2024\/08\/reancrage.png 512w, https:\/\/izanges.fr\/voyance\/wp-content\/uploads\/2024\/08\/reancrage.png 256w, https:\/\/izanges.fr\/voyance\/wp-content\/uploads\/2024\/08\/reancrage.png 500w, https:\/\/izanges.fr\/voyance\/wp-content\/uploads\/2024\/08\/reancrage.png 96w, https:\/\/izanges.fr\/voyance\/wp-content\/uploads\/2024\/08\/reancrage.png 42w, https:\/\/izanges.fr\/voyance\/wp-content\/uploads\/2024\/08\/reancrage.png 300w, https:\/\/izanges.fr\/voyance\/wp-content\/uploads\/2024\/08\/reancrage.png 100w\" sizes=\"auto, (max-width: 300px) 100vw, 300px\" \/><\/div>\n\t\t\t\t\t<div class=\"wc-block-grid__product-title\">Pour Vous R\u00e9ancrer en Vous<\/div>\n\t\t\t\t<\/a>\n\t\t\t\t<div class=\"wc-block-grid__product-price price\"><span class=\"woocommerce-Price-amount amount\">50,00&nbsp;<span class=\"woocommerce-Price-currencySymbol\">&euro;<\/span><\/span><\/div>\n\t\t\t\t\n\t\t\t\t<div class=\"wp-block-button wc-block-grid__product-add-to-cart\"><a href=\"\/voyance\/wp-json\/wp\/v2\/pages\/18?add-to-cart=10404\" aria-label=\"Ajouter au panier\u00a0: &ldquo;Pour Vous R\u00e9ancrer en Vous&rdquo;\" data-quantity=\"1\" data-product_id=\"10404\" data-product_sku=\"\" data-price=\"50\" rel=\"nofollow\" class=\"wp-block-button__link  add_to_cart_button ajax_add_to_cart\">Ajouter au panier<\/a><\/div>\n\t\t\t<\/li><li class=\"wc-block-grid__product\">\n\t\t\t\t<a href=\"https:\/\/izanges.fr\/voyance\/product\/pour-attenuer-vos-douleurs-physiques\/\" class=\"wc-block-grid__product-link\">\n\t\t\t\t\t\n\t\t\t\t\t<div class=\"wc-block-grid__product-image\"><img loading=\"lazy\" decoding=\"async\" width=\"300\" height=\"300\" src=\"https:\/\/izanges.fr\/voyance\/wp-content\/uploads\/2024\/08\/douleur_physique.png\" class=\"attachment-woocommerce_thumbnail size-woocommerce_thumbnail\" alt=\"Pour Att\u00e9nuer Vos Douleurs Physiques\" srcset=\"https:\/\/izanges.fr\/voyance\/wp-content\/uploads\/2024\/08\/douleur_physique.png 512w, https:\/\/izanges.fr\/voyance\/wp-content\/uploads\/2024\/08\/douleur_physique.png 256w, https:\/\/izanges.fr\/voyance\/wp-content\/uploads\/2024\/08\/douleur_physique.png 500w, https:\/\/izanges.fr\/voyance\/wp-content\/uploads\/2024\/08\/douleur_physique.png 96w, https:\/\/izanges.fr\/voyance\/wp-content\/uploads\/2024\/08\/douleur_physique.png 42w, https:\/\/izanges.fr\/voyance\/wp-content\/uploads\/2024\/08\/douleur_physique.png 300w, https:\/\/izanges.fr\/voyance\/wp-content\/uploads\/2024\/08\/douleur_physique.png 100w\" sizes=\"auto, (max-width: 300px) 100vw, 300px\" \/><\/div>\n\t\t\t\t\t<div class=\"wc-block-grid__product-title\">Pour Att\u00e9nuer Vos Douleurs Physiques<\/div>\n\t\t\t\t<\/a>\n\t\t\t\t<div class=\"wc-block-grid__product-price price\"><span class=\"woocommerce-Price-amount amount\">50,00&nbsp;<span class=\"woocommerce-Price-currencySymbol\">&euro;<\/span><\/span><\/div>\n\t\t\t\t\n\t\t\t\t<div class=\"wp-block-button wc-block-grid__product-add-to-cart\"><a href=\"\/voyance\/wp-json\/wp\/v2\/pages\/18?add-to-cart=10403\" aria-label=\"Ajouter au panier\u00a0: &ldquo;Pour Att\u00e9nuer Vos Douleurs Physiques&rdquo;\" data-quantity=\"1\" data-product_id=\"10403\" data-product_sku=\"\" data-price=\"50\" rel=\"nofollow\" class=\"wp-block-button__link  add_to_cart_button ajax_add_to_cart\">Ajouter au panier<\/a><\/div>\n\t\t\t<\/li><li class=\"wc-block-grid__product\">\n\t\t\t\t<a href=\"https:\/\/izanges.fr\/voyance\/product\/pour-regagner-de-lenergie\/\" class=\"wc-block-grid__product-link\">\n\t\t\t\t\t\n\t\t\t\t\t<div class=\"wc-block-grid__product-image\"><img loading=\"lazy\" decoding=\"async\" width=\"300\" height=\"300\" src=\"https:\/\/izanges.fr\/voyance\/wp-content\/uploads\/2024\/08\/reancrage.png\" class=\"attachment-woocommerce_thumbnail size-woocommerce_thumbnail\" alt=\"Nettoyage de chakras et recharge en \u00e9nergie durant une semaine.\" srcset=\"https:\/\/izanges.fr\/voyance\/wp-content\/uploads\/2024\/08\/reancrage.png 512w, https:\/\/izanges.fr\/voyance\/wp-content\/uploads\/2024\/08\/reancrage.png 256w, https:\/\/izanges.fr\/voyance\/wp-content\/uploads\/2024\/08\/reancrage.png 500w, https:\/\/izanges.fr\/voyance\/wp-content\/uploads\/2024\/08\/reancrage.png 96w, https:\/\/izanges.fr\/voyance\/wp-content\/uploads\/2024\/08\/reancrage.png 42w, https:\/\/izanges.fr\/voyance\/wp-content\/uploads\/2024\/08\/reancrage.png 300w, https:\/\/izanges.fr\/voyance\/wp-content\/uploads\/2024\/08\/reancrage.png 100w\" sizes=\"auto, (max-width: 300px) 100vw, 300px\" \/><\/div>\n\t\t\t\t\t<div class=\"wc-block-grid__product-title\">Nettoyage de chakras et recharge en \u00e9nergie durant une semaine.<\/div>\n\t\t\t\t<\/a>\n\t\t\t\t<div class=\"wc-block-grid__product-price price\"><span class=\"woocommerce-Price-amount amount\">50,00&nbsp;<span class=\"woocommerce-Price-currencySymbol\">&euro;<\/span><\/span><\/div>\n\t\t\t\t\n\t\t\t\t<div class=\"wp-block-button wc-block-grid__product-add-to-cart\"><a href=\"\/voyance\/wp-json\/wp\/v2\/pages\/18?add-to-cart=10401\" aria-label=\"Ajouter au panier\u00a0: &ldquo;Nettoyage de chakras et recharge en \u00e9nergie durant une semaine.&rdquo;\" data-quantity=\"1\" data-product_id=\"10401\" data-product_sku=\"\" data-price=\"50\" rel=\"nofollow\" class=\"wp-block-button__link  add_to_cart_button ajax_add_to_cart\">Ajouter au panier<\/a><\/div>\n\t\t\t<\/li><\/ul><\/div><\/div>\n<\/div>\n","protected":false},"excerpt":{"rendered":"","protected":false},"author":1,"featured_media":0,"parent":0,"menu_order":0,"comment_status":"closed","ping_status":"closed","template":"","meta":{"_monsterinsights_skip_tracking":false,"_monsterinsights_sitenote_active":false,"_monsterinsights_sitenote_note":"","_monsterinsights_sitenote_category":0,"footnotes":""},"class_list":["post-18","page","type-page","status-publish","hentry"],"aioseo_notices":[],"jetpack_sharing_enabled":true,"_links":{"self":[{"href":"https:\/\/izanges.fr\/voyance\/wp-json\/wp\/v2\/pages\/18","targetHints":{"allow":["GET"]}}],"collection":[{"href":"https:\/\/izanges.fr\/voyance\/wp-json\/wp\/v2\/pages"}],"about":[{"href":"https:\/\/izanges.fr\/voyance\/wp-json\/wp\/v2\/types\/page"}],"author":[{"embeddable":true,"href":"https:\/\/izanges.fr\/voyance\/wp-json\/wp\/v2\/users\/1"}],"replies":[{"embeddable":true,"href":"https:\/\/izanges.fr\/voyance\/wp-json\/wp\/v2\/comments?post=18"}],"version-history":[{"count":5,"href":"https:\/\/izanges.fr\/voyance\/wp-json\/wp\/v2\/pages\/18\/revisions"}],"predecessor-version":[{"id":9812,"href":"https:\/\/izanges.fr\/voyance\/wp-json\/wp\/v2\/pages\/18\/revisions\/9812"}],"wp:attachment":[{"href":"https:\/\/izanges.fr\/voyance\/wp-json\/wp\/v2\/media?parent=18"}],"curies":[{"name":"wp","href":"https:\/\/api.w.org\/{rel}","templated":true}]}}