{"id":6725,"date":"2023-12-02T20:05:08","date_gmt":"2023-12-02T20:05:08","guid":{"rendered":"https:\/\/izanges.fr\/voyance\/?page_id=6725"},"modified":"2024-08-27T08:16:05","modified_gmt":"2024-08-27T08:16:05","slug":"deroulement-commande-type","status":"publish","type":"page","link":"https:\/\/izanges.fr\/voyance\/deroulement-commande-type\/","title":{"rendered":"D\u00e9roulement Commande Type"},"content":{"rendered":"\n<ol class=\"wp-block-list\">\n<li><strong>Commande et Paiement :<\/strong> Tout commence par votre commande et le r\u00e8glement de la prestation choisie. Vous pouvez le faire en ligne de mani\u00e8re s\u00e9curis\u00e9e.<\/li>\n\n\n\n<li><strong>Confirmation de la Commande :<\/strong> Une fois votre commande confirm\u00e9e, nous commencerons \u00e0 traiter votre demande.<\/li>\n\n\n\n<li><strong>Contact dans les 2 Heures :<\/strong> Si vous avez command\u00e9 une voyance en direct, vous recevrez un contact de notre part dans les 2 heures pour convenir d&#8217;un rendez-vous.<\/li>\n\n\n\n<li><strong>Consultation de Voyance en Direct :<\/strong> Lors du rendez-vous convenu, vous aurez l&#8217;occasion de discuter avec Izanges en direct pour obtenir des r\u00e9ponses \u00e0 vos questions et des conseils.<\/li>\n\n\n\n<li><strong>Purification ou Voyance par E-mail :<\/strong> Si vous avez opt\u00e9 pour une purification, une voyance par e-mail, ou toute autre prestation similaire, nous vous guiderons sur la mani\u00e8re de nous fournir les informations n\u00e9cessaires pour que nous puissions travailler sur votre demande.<\/li>\n<\/ol>\n\n\n\n<p>Nous nous effor\u00e7ons de fournir des services de qualit\u00e9 et de r\u00e9pondre \u00e0 vos besoins de mani\u00e8re professionnelle et respectueuse. N&#8217;h\u00e9sitez pas \u00e0 nous contacter si vous avez des questions suppl\u00e9mentaires ou si vous souhaitez plus d&#8217;informations sur nos services. Pour cela, vous pouvez utiliser la rubrique contact pr\u00e9vue \u00e0 cet effet.<\/p>\n\n\n\n<p><\/p>\n","protected":false},"excerpt":{"rendered":"<p>Nous nous effor\u00e7ons de fournir des services de qualit\u00e9 et de r\u00e9pondre \u00e0 vos besoins de mani\u00e8re professionnelle et respectueuse. N&#8217;h\u00e9sitez pas \u00e0 nous contacter si vous avez des questions<\/p>\n<p><a href=\"https:\/\/izanges.fr\/voyance\/deroulement-commande-type\/\" class=\"more-link\">Suite<span class=\"screen-reader-text\">D\u00e9roulement Commande Type<\/span><\/a><\/p>\n","protected":false},"author":1,"featured_media":0,"parent":0,"menu_order":0,"comment_status":"closed","ping_status":"closed","template":"","meta":{"_monsterinsights_skip_tracking":false,"_monsterinsights_sitenote_active":false,"_monsterinsights_sitenote_note":"","_monsterinsights_sitenote_category":0,"footnotes":""},"class_list":["post-6725","page","type-page","status-publish","hentry"],"aioseo_notices":[],"jetpack_sharing_enabled":true,"_links":{"self":[{"href":"https:\/\/izanges.fr\/voyance\/wp-json\/wp\/v2\/pages\/6725","targetHints":{"allow":["GET"]}}],"collection":[{"href":"https:\/\/izanges.fr\/voyance\/wp-json\/wp\/v2\/pages"}],"about":[{"href":"https:\/\/izanges.fr\/voyance\/wp-json\/wp\/v2\/types\/page"}],"author":[{"embeddable":true,"href":"https:\/\/izanges.fr\/voyance\/wp-json\/wp\/v2\/users\/1"}],"replies":[{"embeddable":true,"href":"https:\/\/izanges.fr\/voyance\/wp-json\/wp\/v2\/comments?post=6725"}],"version-history":[{"count":4,"href":"https:\/\/izanges.fr\/voyance\/wp-json\/wp\/v2\/pages\/6725\/revisions"}],"predecessor-version":[{"id":9993,"href":"https:\/\/izanges.fr\/voyance\/wp-json\/wp\/v2\/pages\/6725\/revisions\/9993"}],"wp:attachment":[{"href":"https:\/\/izanges.fr\/voyance\/wp-json\/wp\/v2\/media?parent=6725"}],"curies":[{"name":"wp","href":"https:\/\/api.w.org\/{rel}","templated":true}]}}