{"id":9908,"date":"2024-07-07T17:56:17","date_gmt":"2024-07-07T17:56:17","guid":{"rendered":"https:\/\/izanges.fr\/voyance\/?page_id=9908"},"modified":"2024-08-27T08:23:32","modified_gmt":"2024-08-27T08:23:32","slug":"je-mappelle-izanges","status":"publish","type":"page","link":"https:\/\/izanges.fr\/voyance\/je-mappelle-izanges\/","title":{"rendered":"Qui suis-je ?"},"content":{"rendered":"\n<p><\/p>\n\n\n\n<p>Je me pr\u00e9sente, je suis Izanges. J&#8217;ai des flashs depuis l&#8217;\u00e2ge de quinze ans, h\u00e9rit\u00e9s de ma grand-m\u00e8re gu\u00e9risseuse et de mon arri\u00e8re-grand-m\u00e8re voyante. D\u00e8s mon plus jeune \u00e2ge, j&#8217;ai su que je serais exorciste et j&#8217;ai commenc\u00e9 \u00e0 soigner ma famille d\u00e8s l&#8217;\u00e2ge de dix ans.<\/p>\n\n\n\n<p>En tant que m\u00e9dium, je re\u00e7ois des messages et des visions que j&#8217;interpr\u00e8te avec l&#8217;aide de mon pendule, de mes tarots, de mes oracles et de ma boule de cristal. J&#8217;utilise \u00e9galement la g\u00e9omancie et les runes pour approfondir mes lectures.<\/p>\n\n\n\n<p>Lors de consultations, je vous guide gr\u00e2ce \u00e0 ces outils, explorant vos questions en profondeur. Dans ma boutique, je propose divers services : voyances par t\u00e9l\u00e9phone, voyances compl\u00e8tes par mail, tirages de runes, num\u00e9rologie, g\u00e9omancie, et purifications de maisons et de personnes \u00e0 distance pour \u00e9liminer les \u00e9nergies n\u00e9gatives.<\/p>\n\n\n\n<p>Je propose \u00e9galement des sachets de protection, des pierres, des pendules, des r\u00e9ponses \u00e0 vos questions, des carr\u00e9s magiques, du coaching par la voyance, des messages de l&#8217;Archange Michael et des anges, des r\u00e9v\u00e9lations sur vos vies ant\u00e9rieures et des mouchoirs magn\u00e9tis\u00e9s.<\/p>\n\n\n\n<p>Ma mission est de vous aider \u00e0 comprendre et \u00e0 surmonter vos blocages, \u00e0 d\u00e9passer vos peurs et vos doutes. Je vous apprendrai \u00e9galement \u00e0 vous prot\u00e9ger contre les influences n\u00e9gatives et \u00e0 purifier votre environnement.<\/p>\n\n\n\n<p>Izanges Voyance.<\/p>\n","protected":false},"excerpt":{"rendered":"<p>Je me pr\u00e9sente, je suis Izanges. J&#8217;ai des flashs depuis l&#8217;\u00e2ge de quinze ans, h\u00e9rit\u00e9s de ma grand-m\u00e8re gu\u00e9risseuse et de mon arri\u00e8re-grand-m\u00e8re voyante. D\u00e8s mon plus jeune \u00e2ge, j&#8217;ai<\/p>\n<p><a href=\"https:\/\/izanges.fr\/voyance\/je-mappelle-izanges\/\" class=\"more-link\">Suite<span class=\"screen-reader-text\">Qui suis-je ?<\/span><\/a><\/p>\n","protected":false},"author":1,"featured_media":0,"parent":0,"menu_order":0,"comment_status":"closed","ping_status":"closed","template":"","meta":{"_monsterinsights_skip_tracking":false,"_monsterinsights_sitenote_active":false,"_monsterinsights_sitenote_note":"","_monsterinsights_sitenote_category":0,"footnotes":""},"class_list":["post-9908","page","type-page","status-publish","hentry"],"aioseo_notices":[],"jetpack_sharing_enabled":true,"_links":{"self":[{"href":"https:\/\/izanges.fr\/voyance\/wp-json\/wp\/v2\/pages\/9908","targetHints":{"allow":["GET"]}}],"collection":[{"href":"https:\/\/izanges.fr\/voyance\/wp-json\/wp\/v2\/pages"}],"about":[{"href":"https:\/\/izanges.fr\/voyance\/wp-json\/wp\/v2\/types\/page"}],"author":[{"embeddable":true,"href":"https:\/\/izanges.fr\/voyance\/wp-json\/wp\/v2\/users\/1"}],"replies":[{"embeddable":true,"href":"https:\/\/izanges.fr\/voyance\/wp-json\/wp\/v2\/comments?post=9908"}],"version-history":[{"count":4,"href":"https:\/\/izanges.fr\/voyance\/wp-json\/wp\/v2\/pages\/9908\/revisions"}],"predecessor-version":[{"id":9986,"href":"https:\/\/izanges.fr\/voyance\/wp-json\/wp\/v2\/pages\/9908\/revisions\/9986"}],"wp:attachment":[{"href":"https:\/\/izanges.fr\/voyance\/wp-json\/wp\/v2\/media?parent=9908"}],"curies":[{"name":"wp","href":"https:\/\/api.w.org\/{rel}","templated":true}]}}