{"id":10003,"date":"2024-08-12T07:25:33","date_gmt":"2024-08-12T07:25:33","guid":{"rendered":"https:\/\/izanges.fr\/voyance\/?post_type=product&#038;p=10003"},"modified":"2025-09-23T14:47:51","modified_gmt":"2025-09-23T14:47:51","slug":"coaching-30-min-pour-etre-heureux-dans-la-vie","status":"publish","type":"product","link":"https:\/\/izanges.fr\/voyance\/product\/coaching-30-min-pour-etre-heureux-dans-la-vie\/","title":{"rendered":"Coaching 30 min pour \u00eatre heureux dans la vie"},"content":{"rendered":"<p>Je vous apprendrai \u00e0 \u00eatre heureux chaque jour de votre existence.<\/p>\n<p>Tout est question de fr\u00e9quence.<\/p>\n<p>Le bonheur vient de l&#8217;int\u00e9rieur, et vous pouvez avoir tout ce dont vous r\u00eavez.<\/p>\n<p>Il n&#8217;y a pas de hasard, tout est synchronisme.<\/p>\n<p>Tous les coachings se font au t\u00e9l\u00e9phone, il faut juste me donner votre nom, pr\u00e9nom et votre num\u00e9ro de t\u00e9l\u00e9phone et c\u2019est moi qui vous appelle.<\/p>\n","protected":false},"excerpt":{"rendered":"<p>Je vous apprendrai \u00e0 \u00eatre heureux chaque jour de votre existence. Tout est question de fr\u00e9quence. Le bonheur vient de l&#8217;int\u00e9rieur, et vous pouvez avoir tout ce dont vous r\u00eavez.<\/p>\n<p><a href=\"https:\/\/izanges.fr\/voyance\/product\/coaching-30-min-pour-etre-heureux-dans-la-vie\/\" class=\"more-link\">Suite<span class=\"screen-reader-text\">Coaching 30 min pour \u00eatre heureux dans la vie<\/span><\/a><\/p>\n","protected":false},"featured_media":10005,"comment_status":"open","ping_status":"closed","template":"","meta":{"_monsterinsights_skip_tracking":false,"_monsterinsights_sitenote_active":false,"_monsterinsights_sitenote_note":"","_monsterinsights_sitenote_category":0},"product_brand":[],"product_cat":[56],"product_tag":[],"class_list":{"0":"post-10003","1":"product","2":"type-product","3":"status-publish","4":"has-post-thumbnail","6":"product_cat-coaching","8":"first","9":"instock","10":"virtual","11":"purchasable","12":"product-type-simple"},"aioseo_notices":[],"jetpack_sharing_enabled":true,"_links":{"self":[{"href":"https:\/\/izanges.fr\/voyance\/wp-json\/wp\/v2\/product\/10003","targetHints":{"allow":["GET"]}}],"collection":[{"href":"https:\/\/izanges.fr\/voyance\/wp-json\/wp\/v2\/product"}],"about":[{"href":"https:\/\/izanges.fr\/voyance\/wp-json\/wp\/v2\/types\/product"}],"replies":[{"embeddable":true,"href":"https:\/\/izanges.fr\/voyance\/wp-json\/wp\/v2\/comments?post=10003"}],"wp:featuredmedia":[{"embeddable":true,"href":"https:\/\/izanges.fr\/voyance\/wp-json\/wp\/v2\/media\/10005"}],"wp:attachment":[{"href":"https:\/\/izanges.fr\/voyance\/wp-json\/wp\/v2\/media?parent=10003"}],"wp:term":[{"taxonomy":"product_brand","embeddable":true,"href":"https:\/\/izanges.fr\/voyance\/wp-json\/wp\/v2\/product_brand?post=10003"},{"taxonomy":"product_cat","embeddable":true,"href":"https:\/\/izanges.fr\/voyance\/wp-json\/wp\/v2\/product_cat?post=10003"},{"taxonomy":"product_tag","embeddable":true,"href":"https:\/\/izanges.fr\/voyance\/wp-json\/wp\/v2\/product_tag?post=10003"}],"curies":[{"name":"wp","href":"https:\/\/api.w.org\/{rel}","templated":true}]}}