{"id":10008,"date":"2024-08-14T07:51:26","date_gmt":"2024-08-14T07:51:26","guid":{"rendered":"https:\/\/izanges.fr\/voyance\/?post_type=product&#038;p=10008"},"modified":"2026-02-19T09:47:12","modified_gmt":"2026-02-19T09:47:12","slug":"coaching-30-min-pour-bien-dormir","status":"publish","type":"product","link":"https:\/\/izanges.fr\/voyance\/product\/coaching-30-min-pour-bien-dormir\/","title":{"rendered":"Coaching 30 min pour bien dormir"},"content":{"rendered":"<p>\n\u200bDurant le coaching pour bien dormir, je vous guiderai pour passer une merveilleuse nuit reposante, paisible et surtout b\u00e9n\u00e9fique pour que toutes vos journ\u00e9es soient magnifiques.<\/p>\n","protected":false},"excerpt":{"rendered":"<p>\u200bDurant le coaching pour bien dormir, je vous guiderai pour passer une merveilleuse nuit reposante, paisible et surtout b\u00e9n\u00e9fique pour que toutes vos journ\u00e9es soient magnifiques.<\/p>\n","protected":false},"featured_media":10009,"comment_status":"open","ping_status":"closed","template":"","meta":{"_monsterinsights_skip_tracking":false,"_monsterinsights_sitenote_active":false,"_monsterinsights_sitenote_note":"","_monsterinsights_sitenote_category":0},"product_brand":[],"product_cat":[56],"product_tag":[],"class_list":{"0":"post-10008","1":"product","2":"type-product","3":"status-publish","4":"has-post-thumbnail","6":"product_cat-coaching","8":"first","9":"instock","10":"virtual","11":"purchasable","12":"product-type-simple"},"aioseo_notices":[],"jetpack_sharing_enabled":true,"_links":{"self":[{"href":"https:\/\/izanges.fr\/voyance\/wp-json\/wp\/v2\/product\/10008","targetHints":{"allow":["GET"]}}],"collection":[{"href":"https:\/\/izanges.fr\/voyance\/wp-json\/wp\/v2\/product"}],"about":[{"href":"https:\/\/izanges.fr\/voyance\/wp-json\/wp\/v2\/types\/product"}],"replies":[{"embeddable":true,"href":"https:\/\/izanges.fr\/voyance\/wp-json\/wp\/v2\/comments?post=10008"}],"wp:featuredmedia":[{"embeddable":true,"href":"https:\/\/izanges.fr\/voyance\/wp-json\/wp\/v2\/media\/10009"}],"wp:attachment":[{"href":"https:\/\/izanges.fr\/voyance\/wp-json\/wp\/v2\/media?parent=10008"}],"wp:term":[{"taxonomy":"product_brand","embeddable":true,"href":"https:\/\/izanges.fr\/voyance\/wp-json\/wp\/v2\/product_brand?post=10008"},{"taxonomy":"product_cat","embeddable":true,"href":"https:\/\/izanges.fr\/voyance\/wp-json\/wp\/v2\/product_cat?post=10008"},{"taxonomy":"product_tag","embeddable":true,"href":"https:\/\/izanges.fr\/voyance\/wp-json\/wp\/v2\/product_tag?post=10008"}],"curies":[{"name":"wp","href":"https:\/\/api.w.org\/{rel}","templated":true}]}}