{"id":10035,"date":"2024-08-15T18:01:41","date_gmt":"2024-08-15T18:01:41","guid":{"rendered":"https:\/\/izanges.fr\/voyance\/?post_type=product&#038;p=10035"},"modified":"2025-09-23T15:13:24","modified_gmt":"2025-09-23T15:13:24","slug":"coaching-30-min-pour-se-sentir-jeune","status":"publish","type":"product","link":"https:\/\/izanges.fr\/voyance\/product\/coaching-30-min-pour-se-sentir-jeune\/","title":{"rendered":"Coaching 30 min pour se sentir jeune"},"content":{"rendered":"<p>Tout d\u00e9coule de la fa\u00e7on dont vous vous sentez.<\/p>\n<p>Mieux vous vous sentez, meilleure la vie devient, vos pens\u00e9es seront automatiquement agr\u00e9ables.<\/p>\n<p>C\u2019est tr\u00e8s important de se sentir toujours jeune et en excellente forme m\u00eame si les ann\u00e9es passent.<\/p>\n<p>Tous les coachings se font au t\u00e9l\u00e9phone, il faut juste me donner votre nom, pr\u00e9nom et votre num\u00e9ro de t\u00e9l\u00e9phone et c\u2019est moi qui vous appelle.<\/p>\n","protected":false},"excerpt":{"rendered":"<p>Tout d\u00e9coule de la fa\u00e7on dont vous vous sentez. Mieux vous vous sentez, meilleure la vie devient, vos pens\u00e9es seront automatiquement agr\u00e9ables. C\u2019est tr\u00e8s important de se sentir toujours jeune<\/p>\n<p><a href=\"https:\/\/izanges.fr\/voyance\/product\/coaching-30-min-pour-se-sentir-jeune\/\" class=\"more-link\">Suite<span class=\"screen-reader-text\">Coaching 30 min pour se sentir jeune<\/span><\/a><\/p>\n","protected":false},"featured_media":10199,"comment_status":"open","ping_status":"closed","template":"","meta":{"_monsterinsights_skip_tracking":false,"_monsterinsights_sitenote_active":false,"_monsterinsights_sitenote_note":"","_monsterinsights_sitenote_category":0},"product_brand":[],"product_cat":[56],"product_tag":[],"class_list":{"0":"post-10035","1":"product","2":"type-product","3":"status-publish","4":"has-post-thumbnail","6":"product_cat-coaching","8":"first","9":"instock","10":"virtual","11":"purchasable","12":"product-type-simple"},"aioseo_notices":[],"jetpack_sharing_enabled":true,"_links":{"self":[{"href":"https:\/\/izanges.fr\/voyance\/wp-json\/wp\/v2\/product\/10035","targetHints":{"allow":["GET"]}}],"collection":[{"href":"https:\/\/izanges.fr\/voyance\/wp-json\/wp\/v2\/product"}],"about":[{"href":"https:\/\/izanges.fr\/voyance\/wp-json\/wp\/v2\/types\/product"}],"replies":[{"embeddable":true,"href":"https:\/\/izanges.fr\/voyance\/wp-json\/wp\/v2\/comments?post=10035"}],"wp:featuredmedia":[{"embeddable":true,"href":"https:\/\/izanges.fr\/voyance\/wp-json\/wp\/v2\/media\/10199"}],"wp:attachment":[{"href":"https:\/\/izanges.fr\/voyance\/wp-json\/wp\/v2\/media?parent=10035"}],"wp:term":[{"taxonomy":"product_brand","embeddable":true,"href":"https:\/\/izanges.fr\/voyance\/wp-json\/wp\/v2\/product_brand?post=10035"},{"taxonomy":"product_cat","embeddable":true,"href":"https:\/\/izanges.fr\/voyance\/wp-json\/wp\/v2\/product_cat?post=10035"},{"taxonomy":"product_tag","embeddable":true,"href":"https:\/\/izanges.fr\/voyance\/wp-json\/wp\/v2\/product_tag?post=10035"}],"curies":[{"name":"wp","href":"https:\/\/api.w.org\/{rel}","templated":true}]}}