{"id":10367,"date":"2024-08-24T15:33:35","date_gmt":"2024-08-24T15:33:35","guid":{"rendered":"https:\/\/izanges.fr\/voyance\/?post_type=product&#038;p=10367"},"modified":"2025-11-24T02:51:21","modified_gmt":"2025-11-24T02:51:21","slug":"collier-ange-azazel-dore","status":"publish","type":"product","link":"https:\/\/izanges.fr\/voyance\/product\/collier-ange-azazel-dore\/","title":{"rendered":"Collier Ange Azazel Dor\u00e9"},"content":{"rendered":"<p>Ce collier est dor\u00e9.<br \/>\nLa chaine est arrondie.<br \/>\nL&#8217;Ange est orn\u00e9 de strass.<br \/>\nLongueur de la chaine 74 cm.<br \/>\nHauteur de l&#8217;ange: 5 cm<br \/>\nLargeur: 4,5 cm.<\/p>\n<p>Livr\u00e9 pr\u00eat \u00e0 offrir.<\/p>\n","protected":false},"excerpt":{"rendered":"<p>Ce collier est dor\u00e9. La chaine est arrondie. L&#8217;Ange est orn\u00e9 de strass. Longueur de la chaine 74 cm. Hauteur de l&#8217;ange: 5 cm Largeur: 4,5 cm. Livr\u00e9 pr\u00eat \u00e0<\/p>\n<p><a href=\"https:\/\/izanges.fr\/voyance\/product\/collier-ange-azazel-dore\/\" class=\"more-link\">Suite<span class=\"screen-reader-text\">Collier Ange Azazel Dor\u00e9<\/span><\/a><\/p>\n","protected":false},"featured_media":10368,"comment_status":"open","ping_status":"closed","template":"","meta":{"_monsterinsights_skip_tracking":false,"_monsterinsights_sitenote_active":false,"_monsterinsights_sitenote_note":"","_monsterinsights_sitenote_category":0},"product_brand":[],"product_cat":[63],"product_tag":[],"class_list":{"0":"post-10367","1":"product","2":"type-product","3":"status-publish","4":"has-post-thumbnail","6":"product_cat-bijoux","8":"first","9":"instock","10":"shipping-taxable","11":"purchasable","12":"product-type-simple"},"aioseo_notices":[],"jetpack_sharing_enabled":true,"_links":{"self":[{"href":"https:\/\/izanges.fr\/voyance\/wp-json\/wp\/v2\/product\/10367","targetHints":{"allow":["GET"]}}],"collection":[{"href":"https:\/\/izanges.fr\/voyance\/wp-json\/wp\/v2\/product"}],"about":[{"href":"https:\/\/izanges.fr\/voyance\/wp-json\/wp\/v2\/types\/product"}],"replies":[{"embeddable":true,"href":"https:\/\/izanges.fr\/voyance\/wp-json\/wp\/v2\/comments?post=10367"}],"wp:featuredmedia":[{"embeddable":true,"href":"https:\/\/izanges.fr\/voyance\/wp-json\/wp\/v2\/media\/10368"}],"wp:attachment":[{"href":"https:\/\/izanges.fr\/voyance\/wp-json\/wp\/v2\/media?parent=10367"}],"wp:term":[{"taxonomy":"product_brand","embeddable":true,"href":"https:\/\/izanges.fr\/voyance\/wp-json\/wp\/v2\/product_brand?post=10367"},{"taxonomy":"product_cat","embeddable":true,"href":"https:\/\/izanges.fr\/voyance\/wp-json\/wp\/v2\/product_cat?post=10367"},{"taxonomy":"product_tag","embeddable":true,"href":"https:\/\/izanges.fr\/voyance\/wp-json\/wp\/v2\/product_tag?post=10367"}],"curies":[{"name":"wp","href":"https:\/\/api.w.org\/{rel}","templated":true}]}}