{"id":10369,"date":"2024-08-24T15:40:12","date_gmt":"2024-08-24T15:40:12","guid":{"rendered":"https:\/\/izanges.fr\/voyance\/?post_type=product&#038;p=10369"},"modified":"2025-11-24T02:51:21","modified_gmt":"2025-11-24T02:51:21","slug":"collier-ange-uriel-dore","status":"publish","type":"product","link":"https:\/\/izanges.fr\/voyance\/product\/collier-ange-uriel-dore\/","title":{"rendered":"Collier Ange Uriel Dor\u00e9"},"content":{"rendered":"<p>Collier dor\u00e9 Uriel.<\/p>\n<p>Double chaine dor\u00e9 d&#8217;une longueur de 60 cm.<\/p>\n<p>Hauteur de l&#8217;ange 5 cm.<\/p>\n<p>Largeur 2,5 cm.<\/p>\n<p>L&#8217;ange est assis sur une boule de verre cisel\u00e9.<\/p>\n<p>Tr\u00e8s bel \u00e9clat au soleil.<\/p>\n<p>Bijoux fantaisie.<\/p>\n<p>Livr\u00e9 pr\u00eat \u00e0 offrir.<\/p>\n","protected":false},"excerpt":{"rendered":"<p>Collier dor\u00e9 Uriel. Double chaine dor\u00e9 d&#8217;une longueur de 60 cm. Hauteur de l&#8217;ange 5 cm. Largeur 2,5 cm. L&#8217;ange est assis sur une boule de verre cisel\u00e9. Tr\u00e8s bel<\/p>\n<p><a href=\"https:\/\/izanges.fr\/voyance\/product\/collier-ange-uriel-dore\/\" class=\"more-link\">Suite<span class=\"screen-reader-text\">Collier Ange Uriel Dor\u00e9<\/span><\/a><\/p>\n","protected":false},"featured_media":10370,"comment_status":"open","ping_status":"closed","template":"","meta":{"_monsterinsights_skip_tracking":false,"_monsterinsights_sitenote_active":false,"_monsterinsights_sitenote_note":"","_monsterinsights_sitenote_category":0},"product_brand":[],"product_cat":[63],"product_tag":[],"class_list":{"0":"post-10369","1":"product","2":"type-product","3":"status-publish","4":"has-post-thumbnail","6":"product_cat-bijoux","8":"first","9":"instock","10":"shipping-taxable","11":"purchasable","12":"product-type-simple"},"aioseo_notices":[],"jetpack_sharing_enabled":true,"_links":{"self":[{"href":"https:\/\/izanges.fr\/voyance\/wp-json\/wp\/v2\/product\/10369","targetHints":{"allow":["GET"]}}],"collection":[{"href":"https:\/\/izanges.fr\/voyance\/wp-json\/wp\/v2\/product"}],"about":[{"href":"https:\/\/izanges.fr\/voyance\/wp-json\/wp\/v2\/types\/product"}],"replies":[{"embeddable":true,"href":"https:\/\/izanges.fr\/voyance\/wp-json\/wp\/v2\/comments?post=10369"}],"wp:featuredmedia":[{"embeddable":true,"href":"https:\/\/izanges.fr\/voyance\/wp-json\/wp\/v2\/media\/10370"}],"wp:attachment":[{"href":"https:\/\/izanges.fr\/voyance\/wp-json\/wp\/v2\/media?parent=10369"}],"wp:term":[{"taxonomy":"product_brand","embeddable":true,"href":"https:\/\/izanges.fr\/voyance\/wp-json\/wp\/v2\/product_brand?post=10369"},{"taxonomy":"product_cat","embeddable":true,"href":"https:\/\/izanges.fr\/voyance\/wp-json\/wp\/v2\/product_cat?post=10369"},{"taxonomy":"product_tag","embeddable":true,"href":"https:\/\/izanges.fr\/voyance\/wp-json\/wp\/v2\/product_tag?post=10369"}],"curies":[{"name":"wp","href":"https:\/\/api.w.org\/{rel}","templated":true}]}}