{"id":10379,"date":"2024-08-24T15:56:41","date_gmt":"2024-08-24T15:56:41","guid":{"rendered":"https:\/\/izanges.fr\/voyance\/?post_type=product&#038;p=10379"},"modified":"2025-11-24T02:51:21","modified_gmt":"2025-11-24T02:51:21","slug":"pendentif-coeur-ange-jeliel","status":"publish","type":"product","link":"https:\/\/izanges.fr\/voyance\/product\/pendentif-coeur-ange-jeliel\/","title":{"rendered":"Pendentif C\u0153ur Ange Jeliel"},"content":{"rendered":"<p>Pendentif ange Jeliel.<\/p>\n<p>En acier argent\u00e9.<\/p>\n<p>Pendentif sans strass.<\/p>\n<p>Largeur au plus large 3,5 cm.<\/p>\n<p>Hauteur au plus haut 2,8 cm.<\/p>\n<p>Il est sobre mais tr\u00e8s original.<\/p>\n<p>La cha\u00eene n&#8217;est pas incluse.<\/p>\n","protected":false},"excerpt":{"rendered":"<p>Pendentif ange Jeliel. En acier argent\u00e9. Pendentif sans strass. Largeur au plus large 3,5 cm. Hauteur au plus haut 2,8 cm. Il est sobre mais tr\u00e8s original. La cha\u00eene n&#8217;est<\/p>\n<p><a href=\"https:\/\/izanges.fr\/voyance\/product\/pendentif-coeur-ange-jeliel\/\" class=\"more-link\">Suite<span class=\"screen-reader-text\">Pendentif C\u0153ur Ange Jeliel<\/span><\/a><\/p>\n","protected":false},"featured_media":10380,"comment_status":"open","ping_status":"closed","template":"","meta":{"_monsterinsights_skip_tracking":false,"_monsterinsights_sitenote_active":false,"_monsterinsights_sitenote_note":"","_monsterinsights_sitenote_category":0},"product_brand":[],"product_cat":[63],"product_tag":[],"class_list":{"0":"post-10379","1":"product","2":"type-product","3":"status-publish","4":"has-post-thumbnail","6":"product_cat-bijoux","8":"first","9":"instock","10":"shipping-taxable","11":"purchasable","12":"product-type-simple"},"aioseo_notices":[],"jetpack_sharing_enabled":true,"_links":{"self":[{"href":"https:\/\/izanges.fr\/voyance\/wp-json\/wp\/v2\/product\/10379","targetHints":{"allow":["GET"]}}],"collection":[{"href":"https:\/\/izanges.fr\/voyance\/wp-json\/wp\/v2\/product"}],"about":[{"href":"https:\/\/izanges.fr\/voyance\/wp-json\/wp\/v2\/types\/product"}],"replies":[{"embeddable":true,"href":"https:\/\/izanges.fr\/voyance\/wp-json\/wp\/v2\/comments?post=10379"}],"wp:featuredmedia":[{"embeddable":true,"href":"https:\/\/izanges.fr\/voyance\/wp-json\/wp\/v2\/media\/10380"}],"wp:attachment":[{"href":"https:\/\/izanges.fr\/voyance\/wp-json\/wp\/v2\/media?parent=10379"}],"wp:term":[{"taxonomy":"product_brand","embeddable":true,"href":"https:\/\/izanges.fr\/voyance\/wp-json\/wp\/v2\/product_brand?post=10379"},{"taxonomy":"product_cat","embeddable":true,"href":"https:\/\/izanges.fr\/voyance\/wp-json\/wp\/v2\/product_cat?post=10379"},{"taxonomy":"product_tag","embeddable":true,"href":"https:\/\/izanges.fr\/voyance\/wp-json\/wp\/v2\/product_tag?post=10379"}],"curies":[{"name":"wp","href":"https:\/\/api.w.org\/{rel}","templated":true}]}}