{"id":10382,"date":"2024-08-24T16:04:45","date_gmt":"2024-08-24T16:04:45","guid":{"rendered":"https:\/\/izanges.fr\/voyance\/?post_type=product&#038;p=10382"},"modified":"2025-11-24T02:51:21","modified_gmt":"2025-11-24T02:51:21","slug":"collier-coeur-ange-sitael","status":"publish","type":"product","link":"https:\/\/izanges.fr\/voyance\/product\/collier-coeur-ange-sitael\/","title":{"rendered":"Collier C\u0153ur Ange Sitael"},"content":{"rendered":"<p>Collier ange Sitael.<\/p>\n<p>De couleur argent\u00e9.<\/p>\n<p>Longueur du collier 46cm. Il y a un peu de rallonge.<\/p>\n<p>Trois c\u0153ur au centre et deux ailes d&#8217;ange.<\/p>\n<p>Pr\u00eat \u00e0 offrir<\/p>\n","protected":false},"excerpt":{"rendered":"<p>Collier ange Sitael. De couleur argent\u00e9. Longueur du collier 46cm. Il y a un peu de rallonge. Trois c\u0153ur au centre et deux ailes d&#8217;ange. Pr\u00eat \u00e0 offrir<\/p>\n","protected":false},"featured_media":10383,"comment_status":"open","ping_status":"closed","template":"","meta":{"_monsterinsights_skip_tracking":false,"_monsterinsights_sitenote_active":false,"_monsterinsights_sitenote_note":"","_monsterinsights_sitenote_category":0},"product_brand":[],"product_cat":[63],"product_tag":[],"class_list":{"0":"post-10382","1":"product","2":"type-product","3":"status-publish","4":"has-post-thumbnail","6":"product_cat-bijoux","8":"first","9":"instock","10":"shipping-taxable","11":"purchasable","12":"product-type-simple"},"aioseo_notices":[],"jetpack_sharing_enabled":true,"_links":{"self":[{"href":"https:\/\/izanges.fr\/voyance\/wp-json\/wp\/v2\/product\/10382","targetHints":{"allow":["GET"]}}],"collection":[{"href":"https:\/\/izanges.fr\/voyance\/wp-json\/wp\/v2\/product"}],"about":[{"href":"https:\/\/izanges.fr\/voyance\/wp-json\/wp\/v2\/types\/product"}],"replies":[{"embeddable":true,"href":"https:\/\/izanges.fr\/voyance\/wp-json\/wp\/v2\/comments?post=10382"}],"wp:featuredmedia":[{"embeddable":true,"href":"https:\/\/izanges.fr\/voyance\/wp-json\/wp\/v2\/media\/10383"}],"wp:attachment":[{"href":"https:\/\/izanges.fr\/voyance\/wp-json\/wp\/v2\/media?parent=10382"}],"wp:term":[{"taxonomy":"product_brand","embeddable":true,"href":"https:\/\/izanges.fr\/voyance\/wp-json\/wp\/v2\/product_brand?post=10382"},{"taxonomy":"product_cat","embeddable":true,"href":"https:\/\/izanges.fr\/voyance\/wp-json\/wp\/v2\/product_cat?post=10382"},{"taxonomy":"product_tag","embeddable":true,"href":"https:\/\/izanges.fr\/voyance\/wp-json\/wp\/v2\/product_tag?post=10382"}],"curies":[{"name":"wp","href":"https:\/\/api.w.org\/{rel}","templated":true}]}}