{"id":10393,"date":"2024-08-25T08:26:54","date_gmt":"2024-08-25T08:26:54","guid":{"rendered":"https:\/\/izanges.fr\/voyance\/?post_type=product&#038;p=10393"},"modified":"2025-11-24T02:51:21","modified_gmt":"2025-11-24T02:51:21","slug":"bracelet-ange-mahasiah","status":"publish","type":"product","link":"https:\/\/izanges.fr\/voyance\/product\/bracelet-ange-mahasiah\/","title":{"rendered":"Bracelet Ange Mahasiah"},"content":{"rendered":"<p>Bracelet rigide ange Mahasiah.<br \/>\nDe couleur argent\u00e9.<\/p>\n<p>Bijoux Fantaisie<\/p>\n<p>Les ailes sont orn\u00e9es de strass.<\/p>\n<p>Ne convient pas au petit poignet.<\/p>\n<p>Une aile est plus petite que l&#8217;autre.<\/p>\n<p>Tr\u00e8s beau aussi en haut du bras.<\/p>\n<p>Diam\u00e8tre 6,6 cm.<\/p>\n<p>Pr\u00eat \u00e0 offrir.<\/p>\n","protected":false},"excerpt":{"rendered":"<p>Bracelet rigide ange Mahasiah. De couleur argent\u00e9. Bijoux Fantaisie Les ailes sont orn\u00e9es de strass. Ne convient pas au petit poignet. Une aile est plus petite que l&#8217;autre. Tr\u00e8s beau<\/p>\n<p><a href=\"https:\/\/izanges.fr\/voyance\/product\/bracelet-ange-mahasiah\/\" class=\"more-link\">Suite<span class=\"screen-reader-text\">Bracelet Ange Mahasiah<\/span><\/a><\/p>\n","protected":false},"featured_media":10394,"comment_status":"open","ping_status":"closed","template":"","meta":{"_monsterinsights_skip_tracking":false,"_monsterinsights_sitenote_active":false,"_monsterinsights_sitenote_note":"","_monsterinsights_sitenote_category":0},"product_brand":[],"product_cat":[63],"product_tag":[],"class_list":{"0":"post-10393","1":"product","2":"type-product","3":"status-publish","4":"has-post-thumbnail","6":"product_cat-bijoux","7":"product_shipping_class-petit","9":"first","10":"instock","11":"shipping-taxable","12":"purchasable","13":"product-type-simple"},"aioseo_notices":[],"jetpack_sharing_enabled":true,"_links":{"self":[{"href":"https:\/\/izanges.fr\/voyance\/wp-json\/wp\/v2\/product\/10393","targetHints":{"allow":["GET"]}}],"collection":[{"href":"https:\/\/izanges.fr\/voyance\/wp-json\/wp\/v2\/product"}],"about":[{"href":"https:\/\/izanges.fr\/voyance\/wp-json\/wp\/v2\/types\/product"}],"replies":[{"embeddable":true,"href":"https:\/\/izanges.fr\/voyance\/wp-json\/wp\/v2\/comments?post=10393"}],"wp:featuredmedia":[{"embeddable":true,"href":"https:\/\/izanges.fr\/voyance\/wp-json\/wp\/v2\/media\/10394"}],"wp:attachment":[{"href":"https:\/\/izanges.fr\/voyance\/wp-json\/wp\/v2\/media?parent=10393"}],"wp:term":[{"taxonomy":"product_brand","embeddable":true,"href":"https:\/\/izanges.fr\/voyance\/wp-json\/wp\/v2\/product_brand?post=10393"},{"taxonomy":"product_cat","embeddable":true,"href":"https:\/\/izanges.fr\/voyance\/wp-json\/wp\/v2\/product_cat?post=10393"},{"taxonomy":"product_tag","embeddable":true,"href":"https:\/\/izanges.fr\/voyance\/wp-json\/wp\/v2\/product_tag?post=10393"}],"curies":[{"name":"wp","href":"https:\/\/api.w.org\/{rel}","templated":true}]}}