{"id":10401,"date":"2024-08-26T06:58:42","date_gmt":"2024-08-26T06:58:42","guid":{"rendered":"https:\/\/izanges.fr\/voyance\/?post_type=product&#038;p=10401"},"modified":"2026-02-19T10:07:25","modified_gmt":"2026-02-19T10:07:25","slug":"pour-regagner-de-lenergie","status":"publish","type":"product","link":"https:\/\/izanges.fr\/voyance\/product\/pour-regagner-de-lenergie\/","title":{"rendered":"Nettoyage de chakras et recharge en \u00e9nergie durant une semaine."},"content":{"rendered":"<p>Je nettoie tous vos chakras et je vous recharge en \u00e9nergie avec mon souffle et des pierres,  \u00e0 distance \u00bb<br \/>\n Chaque chakra est une porte d\u2019acc\u00e8s \u00e0 l\u2019\u00e9quilibre \u00e9nerg\u00e9tique,<br \/>\nIl me faut pour cela une photo de vous plain pied.<br \/>\nDurant une semaine.<br \/>\nEn m\u00eame temps, j&#8217;harmonise et \u00e9quilibre vos \u00e9nergies.<\/p>\n","protected":false},"excerpt":{"rendered":"<p>Je nettoie tous vos chakras et je vous recharge en \u00e9nergie avec mon souffle et des pierres, \u00e0 distance \u00bb Chaque chakra est une porte d\u2019acc\u00e8s \u00e0 l\u2019\u00e9quilibre \u00e9nerg\u00e9tique, Il<\/p>\n<p><a href=\"https:\/\/izanges.fr\/voyance\/product\/pour-regagner-de-lenergie\/\" class=\"more-link\">Suite<span class=\"screen-reader-text\">Nettoyage de chakras et recharge en \u00e9nergie durant une semaine.<\/span><\/a><\/p>\n","protected":false},"featured_media":10405,"comment_status":"open","ping_status":"closed","template":"","meta":{"_monsterinsights_skip_tracking":false,"_monsterinsights_sitenote_active":false,"_monsterinsights_sitenote_note":"","_monsterinsights_sitenote_category":0},"product_brand":[],"product_cat":[59],"product_tag":[67,82,66],"class_list":{"0":"post-10401","1":"product","2":"type-product","3":"status-publish","4":"has-post-thumbnail","6":"product_cat-soin-energetique","7":"product_tag-energie","8":"product_tag-regagner-energie","9":"product_tag-soin","11":"first","12":"instock","13":"featured","14":"virtual","15":"purchasable","16":"product-type-simple"},"aioseo_notices":[],"jetpack_sharing_enabled":true,"_links":{"self":[{"href":"https:\/\/izanges.fr\/voyance\/wp-json\/wp\/v2\/product\/10401","targetHints":{"allow":["GET"]}}],"collection":[{"href":"https:\/\/izanges.fr\/voyance\/wp-json\/wp\/v2\/product"}],"about":[{"href":"https:\/\/izanges.fr\/voyance\/wp-json\/wp\/v2\/types\/product"}],"replies":[{"embeddable":true,"href":"https:\/\/izanges.fr\/voyance\/wp-json\/wp\/v2\/comments?post=10401"}],"wp:featuredmedia":[{"embeddable":true,"href":"https:\/\/izanges.fr\/voyance\/wp-json\/wp\/v2\/media\/10405"}],"wp:attachment":[{"href":"https:\/\/izanges.fr\/voyance\/wp-json\/wp\/v2\/media?parent=10401"}],"wp:term":[{"taxonomy":"product_brand","embeddable":true,"href":"https:\/\/izanges.fr\/voyance\/wp-json\/wp\/v2\/product_brand?post=10401"},{"taxonomy":"product_cat","embeddable":true,"href":"https:\/\/izanges.fr\/voyance\/wp-json\/wp\/v2\/product_cat?post=10401"},{"taxonomy":"product_tag","embeddable":true,"href":"https:\/\/izanges.fr\/voyance\/wp-json\/wp\/v2\/product_tag?post=10401"}],"curies":[{"name":"wp","href":"https:\/\/api.w.org\/{rel}","templated":true}]}}