{"id":10404,"date":"2024-08-26T07:13:31","date_gmt":"2024-08-26T07:13:31","guid":{"rendered":"https:\/\/izanges.fr\/voyance\/?post_type=product&#038;p=10404"},"modified":"2025-09-23T15:22:51","modified_gmt":"2025-09-23T15:22:51","slug":"pour-vous-reancrer-en-vous","status":"publish","type":"product","link":"https:\/\/izanges.fr\/voyance\/product\/pour-vous-reancrer-en-vous\/","title":{"rendered":"Pour Vous R\u00e9ancrer en Vous"},"content":{"rendered":"<p>C&#8217;est un soin \u00e0 distance sur photo durant une semaine.<\/p>\n<p>Vous \u00eates souvent dans vos pens\u00e9es <\/p>\n<p>Vous \u00eates dans la lune, agit\u00e9.<\/p>\n<p>Vous oubliez souvent des informations de la vie quotidienne.<\/p>\n<p>Vous ne savez jamais l&#8217;heure qu&#8217;il est ou le jour.<\/p>\n<p>Vous \u00eates tout le temps stress\u00e9<\/p>\n","protected":false},"excerpt":{"rendered":"<p>C&#8217;est un soin \u00e0 distance sur photo durant une semaine. Vous \u00eates souvent dans vos pens\u00e9es Vous \u00eates dans la lune, agit\u00e9. Vous oubliez souvent des informations de la vie<\/p>\n<p><a href=\"https:\/\/izanges.fr\/voyance\/product\/pour-vous-reancrer-en-vous\/\" class=\"more-link\">Suite<span class=\"screen-reader-text\">Pour Vous R\u00e9ancrer en Vous<\/span><\/a><\/p>\n","protected":false},"featured_media":10405,"comment_status":"open","ping_status":"closed","template":"","meta":{"_monsterinsights_skip_tracking":false,"_monsterinsights_sitenote_active":false,"_monsterinsights_sitenote_note":"","_monsterinsights_sitenote_category":0},"product_brand":[],"product_cat":[59],"product_tag":[67,68,66],"class_list":{"0":"post-10404","1":"product","2":"type-product","3":"status-publish","4":"has-post-thumbnail","6":"product_cat-soin-energetique","7":"product_tag-energie","8":"product_tag-reancrage","9":"product_tag-soin","11":"first","12":"instock","13":"virtual","14":"purchasable","15":"product-type-simple"},"aioseo_notices":[],"jetpack_sharing_enabled":true,"_links":{"self":[{"href":"https:\/\/izanges.fr\/voyance\/wp-json\/wp\/v2\/product\/10404","targetHints":{"allow":["GET"]}}],"collection":[{"href":"https:\/\/izanges.fr\/voyance\/wp-json\/wp\/v2\/product"}],"about":[{"href":"https:\/\/izanges.fr\/voyance\/wp-json\/wp\/v2\/types\/product"}],"replies":[{"embeddable":true,"href":"https:\/\/izanges.fr\/voyance\/wp-json\/wp\/v2\/comments?post=10404"}],"wp:featuredmedia":[{"embeddable":true,"href":"https:\/\/izanges.fr\/voyance\/wp-json\/wp\/v2\/media\/10405"}],"wp:attachment":[{"href":"https:\/\/izanges.fr\/voyance\/wp-json\/wp\/v2\/media?parent=10404"}],"wp:term":[{"taxonomy":"product_brand","embeddable":true,"href":"https:\/\/izanges.fr\/voyance\/wp-json\/wp\/v2\/product_brand?post=10404"},{"taxonomy":"product_cat","embeddable":true,"href":"https:\/\/izanges.fr\/voyance\/wp-json\/wp\/v2\/product_cat?post=10404"},{"taxonomy":"product_tag","embeddable":true,"href":"https:\/\/izanges.fr\/voyance\/wp-json\/wp\/v2\/product_tag?post=10404"}],"curies":[{"name":"wp","href":"https:\/\/api.w.org\/{rel}","templated":true}]}}