{"id":10517,"date":"2024-08-29T16:00:46","date_gmt":"2024-08-29T16:00:46","guid":{"rendered":"https:\/\/izanges.fr\/voyance\/?post_type=product&#038;p=10517"},"modified":"2025-09-23T14:44:11","modified_gmt":"2025-09-23T14:44:11","slug":"coaching-30-min-pour-se-sentir-en-pleine-forme-tous-les-jours","status":"publish","type":"product","link":"https:\/\/izanges.fr\/voyance\/product\/coaching-30-min-pour-se-sentir-en-pleine-forme-tous-les-jours\/","title":{"rendered":"Coaching 30 min pour se sentir en pleine forme tous les jours"},"content":{"rendered":"<p>Je vous apprendrai \u00e0 \u00eatre tous les jours en excellente sant\u00e9 et en grande forme.<\/p>\n<p>\u00catre en grande forme, c&#8217;est se sentir comme les enfants, ils d\u00e9bordent d&#8217;\u00e9nergie tous les jours.<\/p>\n<p>Tous les coachings se font au t\u00e9l\u00e9phone, il faut juste me donner votre nom, pr\u00e9nom et votre num\u00e9ro de t\u00e9l\u00e9phone et c\u2019est moi qui vous appelle.<\/p>\n","protected":false},"excerpt":{"rendered":"<p>Je vous apprendrai \u00e0 \u00eatre tous les jours en excellente sant\u00e9 et en grande forme. \u00catre en grande forme, c&#8217;est se sentir comme les enfants, ils d\u00e9bordent d&#8217;\u00e9nergie tous les<\/p>\n<p><a href=\"https:\/\/izanges.fr\/voyance\/product\/coaching-30-min-pour-se-sentir-en-pleine-forme-tous-les-jours\/\" class=\"more-link\">Suite<span class=\"screen-reader-text\">Coaching 30 min pour se sentir en pleine forme tous les jours<\/span><\/a><\/p>\n","protected":false},"featured_media":10518,"comment_status":"open","ping_status":"closed","template":"","meta":{"_monsterinsights_skip_tracking":false,"_monsterinsights_sitenote_active":false,"_monsterinsights_sitenote_note":"","_monsterinsights_sitenote_category":0},"product_brand":[],"product_cat":[56],"product_tag":[],"class_list":{"0":"post-10517","1":"product","2":"type-product","3":"status-publish","4":"has-post-thumbnail","6":"product_cat-coaching","7":"product_shipping_class-pas-de-livraison","9":"first","10":"instock","11":"virtual","12":"purchasable","13":"product-type-simple"},"aioseo_notices":[],"jetpack_sharing_enabled":true,"_links":{"self":[{"href":"https:\/\/izanges.fr\/voyance\/wp-json\/wp\/v2\/product\/10517","targetHints":{"allow":["GET"]}}],"collection":[{"href":"https:\/\/izanges.fr\/voyance\/wp-json\/wp\/v2\/product"}],"about":[{"href":"https:\/\/izanges.fr\/voyance\/wp-json\/wp\/v2\/types\/product"}],"replies":[{"embeddable":true,"href":"https:\/\/izanges.fr\/voyance\/wp-json\/wp\/v2\/comments?post=10517"}],"wp:featuredmedia":[{"embeddable":true,"href":"https:\/\/izanges.fr\/voyance\/wp-json\/wp\/v2\/media\/10518"}],"wp:attachment":[{"href":"https:\/\/izanges.fr\/voyance\/wp-json\/wp\/v2\/media?parent=10517"}],"wp:term":[{"taxonomy":"product_brand","embeddable":true,"href":"https:\/\/izanges.fr\/voyance\/wp-json\/wp\/v2\/product_brand?post=10517"},{"taxonomy":"product_cat","embeddable":true,"href":"https:\/\/izanges.fr\/voyance\/wp-json\/wp\/v2\/product_cat?post=10517"},{"taxonomy":"product_tag","embeddable":true,"href":"https:\/\/izanges.fr\/voyance\/wp-json\/wp\/v2\/product_tag?post=10517"}],"curies":[{"name":"wp","href":"https:\/\/api.w.org\/{rel}","templated":true}]}}