{"id":1488,"date":"2017-01-31T17:16:37","date_gmt":"2017-01-31T16:16:37","guid":{"rendered":"https:\/\/izanges.fr\/voyance\/?post_type=product&#038;p=1488"},"modified":"2024-08-26T16:13:27","modified_gmt":"2024-08-26T16:13:27","slug":"tube-avec-trois-protections-de-votre-choix-nouveau","status":"publish","type":"product","link":"https:\/\/izanges.fr\/voyance\/product\/tube-avec-trois-protections-de-votre-choix-nouveau\/","title":{"rendered":"Tube avec trois protections de votre choix"},"content":{"rendered":"<p>Tube de protection de votre choix ou <strong>je peux mettre les protections dans un sachet demandez le moi \u00e0 la commande.<\/strong><\/p>\n<p>Un tube avec trois protections \u00e0 porter sur soi. ( sur l&#8217;image le tube contient deux protections)<\/p>\n<p>Grandeur du tube 9 cm x 1.<\/p>\n<p><strong>Faites votre choix:<\/strong><\/p>\n<p><span style=\"font-family: 'Georgia','serif'; color: #333333;\">1: Vous pr\u00e9servez des mauvaises jalousies, pens\u00e9es et envies : Ruban mauve<\/span><\/p>\n<p style=\"font-variant-ligatures: normal; font-variant-caps: normal; orphans: 2; text-align: start; widows: 2; -webkit-text-stroke-width: 0px; word-spacing: 0px;\"><span style=\"font-family: 'Georgia','serif'; color: #333333;\">2: Pour r\u00e9ussir les examens et concours : Ruban rouge<\/span><\/p>\n<p style=\"font-variant-ligatures: normal; font-variant-caps: normal; orphans: 2; text-align: start; widows: 2; -webkit-text-stroke-width: 0px; word-spacing: 0px;\"><span style=\"font-family: 'Georgia','serif'; color: #333333;\">3: Pour les situations extr\u00eamement difficiles s&#8217;en sortir : Ruban mauve<\/span><\/p>\n<p style=\"font-variant-ligatures: normal; font-variant-caps: normal; orphans: 2; text-align: start; widows: 2; -webkit-text-stroke-width: 0px; word-spacing: 0px;\"><span style=\"font-family: 'Georgia','serif'; color: #333333;\">4: Pour les commer\u00e7ants et artisans pour amener la chance : Ruban mauve<\/span><\/p>\n<p style=\"font-variant-ligatures: normal; font-variant-caps: normal; orphans: 2; text-align: start; widows: 2; -webkit-text-stroke-width: 0px; word-spacing: 0px;\"><span style=\"font-family: 'Georgia','serif'; color: #333333;\">5: Pour avoir un bon sommeil et un bon r\u00e9veil : Ruban rouge<\/span><\/p>\n<p style=\"font-variant-ligatures: normal; font-variant-caps: normal; orphans: 2; text-align: start; widows: 2; -webkit-text-stroke-width: 0px; word-spacing: 0px;\"><span style=\"font-family: 'Georgia','serif'; color: #333333;\">6: Pour \u00e9veiller le 3 \u00e8me \u0153il : Ruban blanc<\/span><\/p>\n<p style=\"font-variant-ligatures: normal; font-variant-caps: normal; orphans: 2; text-align: start; widows: 2; -webkit-text-stroke-width: 0px; word-spacing: 0px;\"><span style=\"font-family: 'Georgia','serif'; color: #333333;\">7: La protection des anges : Ruban Blanc<\/span><\/p>\n<p style=\"font-variant-ligatures: normal; font-variant-caps: normal; orphans: 2; text-align: start; widows: 2; -webkit-text-stroke-width: 0px; word-spacing: 0px;\"><span style=\"font-family: 'Georgia','serif'; color: #333333;\">8: Pour \u00eatre purifi\u00e9\u00a0: Ruban blanc et mauve<\/span><\/p>\n<p style=\"font-variant-ligatures: normal; font-variant-caps: normal; orphans: 2; text-align: start; widows: 2; -webkit-text-stroke-width: 0px; word-spacing: 0px;\"><span style=\"font-family: 'Georgia','serif'; color: #333333;\">9: Briser un envo\u00fbtement d&#8217;amour : Ruban mauve<\/span><\/p>\n<p style=\"font-variant-ligatures: normal; font-variant-caps: normal; orphans: 2; text-align: start; widows: 2; -webkit-text-stroke-width: 0px; word-spacing: 0px;\"><span style=\"font-family: 'Georgia','serif'; color: #333333;\">10: Protection pour les enfants : Ruban Blanc<\/span><\/p>\n<p style=\"font-variant-ligatures: normal; font-variant-caps: normal; orphans: 2; text-align: start; widows: 2; -webkit-text-stroke-width: 0px; word-spacing: 0px;\"><span style=\"font-family: 'Georgia','serif'; color: #333333;\">11: Protection pour les proc\u00e8s : Ruban mauve<\/span><\/p>\n<p style=\"font-variant-ligatures: normal; font-variant-caps: normal; orphans: 2; text-align: start; widows: 2; -webkit-text-stroke-width: 0px; word-spacing: 0px;\"><span style=\"font-family: 'Georgia','serif'; color: #333333;\">12: Protection du danger : Ruban mauve<\/span><\/p>\n<p style=\"font-variant-ligatures: normal; font-variant-caps: normal; orphans: 2; text-align: start; widows: 2; -webkit-text-stroke-width: 0px; word-spacing: 0px;\"><span style=\"font-family: 'Georgia','serif'; color: #333333;\">13: Protection de l&#8217;envo\u00fbtement et cr\u00e9er un barrage : Ruban mauve<\/span><\/p>\n<p style=\"font-variant-ligatures: normal; font-variant-caps: normal; orphans: 2; text-align: start; widows: 2; -webkit-text-stroke-width: 0px; word-spacing: 0px;\"><span style=\"font-family: 'Georgia','serif'; color: #333333;\">14:<span class=\"apple-converted-space\">\u00a0<\/span>Contre<span class=\"apple-converted-space\">\u00a0<\/span>envo\u00fbtement d&#8217;une personne : Ruban mauve<\/span><\/p>\n<p style=\"font-variant-ligatures: normal; font-variant-caps: normal; orphans: 2; text-align: start; widows: 2; -webkit-text-stroke-width: 0px; word-spacing: 0px;\"><span style=\"font-family: 'Georgia','serif'; color: #333333;\">15: Pour retrouver des pens\u00e9es calmes : Ruban blanc<\/span><\/p>\n<p style=\"font-variant-ligatures: normal; font-variant-caps: normal; orphans: 2; text-align: start; widows: 2; -webkit-text-stroke-width: 0px; word-spacing: 0px;\">Vous pouvez aussi les offrir.<\/p>\n<p style=\"font-variant-ligatures: normal; font-variant-caps: normal; orphans: 2; text-align: start; widows: 2; -webkit-text-stroke-width: 0px; word-spacing: 0px;\">Lors de votre commande, n&#8217;oubliez pas de me joindre le num\u00e9ro de votre choix.<\/p>\n<p style=\"font-variant-ligatures: normal; font-variant-caps: normal; orphans: 2; text-align: start; widows: 2; -webkit-text-stroke-width: 0px; word-spacing: 0px;\"><strong>2,80\u20ac pour la livraison\u00a0<\/strong><\/p>\n","protected":false},"excerpt":{"rendered":"<p>Tube de protection de votre choix ou je peux mettre les protections dans un sachet demandez le moi \u00e0 la commande. Un tube avec trois protections \u00e0 porter sur soi.<\/p>\n<p><a href=\"https:\/\/izanges.fr\/voyance\/product\/tube-avec-trois-protections-de-votre-choix-nouveau\/\" class=\"more-link\">Suite<span class=\"screen-reader-text\">Tube avec trois protections de votre choix<\/span><\/a><\/p>\n","protected":false},"featured_media":9930,"comment_status":"open","ping_status":"closed","template":"","meta":{"_monsterinsights_skip_tracking":false,"_monsterinsights_sitenote_active":false,"_monsterinsights_sitenote_note":"","_monsterinsights_sitenote_category":0},"product_brand":[],"product_cat":[33,15],"product_tag":[],"class_list":{"0":"post-1488","1":"product","2":"type-product","3":"status-publish","4":"has-post-thumbnail","6":"product_cat-articles-divers","7":"product_cat-uncategorized","9":"first","10":"instock","11":"shipping-taxable","12":"purchasable","13":"product-type-simple"},"aioseo_notices":[],"jetpack_sharing_enabled":true,"_links":{"self":[{"href":"https:\/\/izanges.fr\/voyance\/wp-json\/wp\/v2\/product\/1488","targetHints":{"allow":["GET"]}}],"collection":[{"href":"https:\/\/izanges.fr\/voyance\/wp-json\/wp\/v2\/product"}],"about":[{"href":"https:\/\/izanges.fr\/voyance\/wp-json\/wp\/v2\/types\/product"}],"replies":[{"embeddable":true,"href":"https:\/\/izanges.fr\/voyance\/wp-json\/wp\/v2\/comments?post=1488"}],"wp:featuredmedia":[{"embeddable":true,"href":"https:\/\/izanges.fr\/voyance\/wp-json\/wp\/v2\/media\/9930"}],"wp:attachment":[{"href":"https:\/\/izanges.fr\/voyance\/wp-json\/wp\/v2\/media?parent=1488"}],"wp:term":[{"taxonomy":"product_brand","embeddable":true,"href":"https:\/\/izanges.fr\/voyance\/wp-json\/wp\/v2\/product_brand?post=1488"},{"taxonomy":"product_cat","embeddable":true,"href":"https:\/\/izanges.fr\/voyance\/wp-json\/wp\/v2\/product_cat?post=1488"},{"taxonomy":"product_tag","embeddable":true,"href":"https:\/\/izanges.fr\/voyance\/wp-json\/wp\/v2\/product_tag?post=1488"}],"curies":[{"name":"wp","href":"https:\/\/api.w.org\/{rel}","templated":true}]}}