{"id":1822,"date":"2017-09-12T17:33:39","date_gmt":"2017-09-12T16:33:39","guid":{"rendered":"https:\/\/izanges.fr\/voyance\/?post_type=product&#038;p=1822"},"modified":"2025-11-24T02:51:21","modified_gmt":"2025-11-24T02:51:21","slug":"voyance-complete-par-mail-pour-le-trimestre","status":"publish","type":"product","link":"https:\/\/izanges.fr\/voyance\/product\/voyance-complete-par-mail-pour-le-trimestre\/","title":{"rendered":"Voyance compl\u00e8te par mail pour le trimestre 2026"},"content":{"rendered":"<h3><em>D\u00e9voiler votre futur \u00e0 court et moyen termes dans les diff\u00e9rents domaines de votre vie.<\/em><br \/>\n<em>C\u2019est une roue que je vous conseille d\u2019effectuer une fois par trimestre pour avoir une id\u00e9e globale de ce que l\u2019avenir vous r\u00e9serve.<\/em><br \/>\n<em>Elle agit comme un plan qui vous indiquera les voies principales de votre destin\u00e9e tout en vous donnant certains \u00e9l\u00e9ments pour vous pr\u00e9parer \u00e0 les suivre dans les meilleures conditions possibles.\u00a0<\/em><br \/>\n<em>Une personne avertie en vaut deux.<\/em><\/h3>\n","protected":false},"excerpt":{"rendered":"<p>D\u00e9voiler votre futur \u00e0 court et moyen termes dans les diff\u00e9rents domaines de votre vie. C\u2019est une roue que je vous conseille d\u2019effectuer une fois par trimestre pour avoir une<\/p>\n<p><a href=\"https:\/\/izanges.fr\/voyance\/product\/voyance-complete-par-mail-pour-le-trimestre\/\" class=\"more-link\">Suite<span class=\"screen-reader-text\">Voyance compl\u00e8te par mail pour le trimestre 2026<\/span><\/a><\/p>\n","protected":false},"featured_media":9957,"comment_status":"open","ping_status":"closed","template":"","meta":{"_monsterinsights_skip_tracking":false,"_monsterinsights_sitenote_active":false,"_monsterinsights_sitenote_note":"","_monsterinsights_sitenote_category":0},"product_brand":[],"product_cat":[15,58],"product_tag":[],"class_list":{"0":"post-1822","1":"product","2":"type-product","3":"status-publish","4":"has-post-thumbnail","6":"product_cat-uncategorized","7":"product_cat-voyance-medium","9":"first","10":"instock","11":"featured","12":"virtual","13":"purchasable","14":"product-type-simple"},"aioseo_notices":[],"jetpack_sharing_enabled":true,"_links":{"self":[{"href":"https:\/\/izanges.fr\/voyance\/wp-json\/wp\/v2\/product\/1822","targetHints":{"allow":["GET"]}}],"collection":[{"href":"https:\/\/izanges.fr\/voyance\/wp-json\/wp\/v2\/product"}],"about":[{"href":"https:\/\/izanges.fr\/voyance\/wp-json\/wp\/v2\/types\/product"}],"replies":[{"embeddable":true,"href":"https:\/\/izanges.fr\/voyance\/wp-json\/wp\/v2\/comments?post=1822"}],"wp:featuredmedia":[{"embeddable":true,"href":"https:\/\/izanges.fr\/voyance\/wp-json\/wp\/v2\/media\/9957"}],"wp:attachment":[{"href":"https:\/\/izanges.fr\/voyance\/wp-json\/wp\/v2\/media?parent=1822"}],"wp:term":[{"taxonomy":"product_brand","embeddable":true,"href":"https:\/\/izanges.fr\/voyance\/wp-json\/wp\/v2\/product_brand?post=1822"},{"taxonomy":"product_cat","embeddable":true,"href":"https:\/\/izanges.fr\/voyance\/wp-json\/wp\/v2\/product_cat?post=1822"},{"taxonomy":"product_tag","embeddable":true,"href":"https:\/\/izanges.fr\/voyance\/wp-json\/wp\/v2\/product_tag?post=1822"}],"curies":[{"name":"wp","href":"https:\/\/api.w.org\/{rel}","templated":true}]}}