{"id":2102,"date":"2018-03-22T11:48:58","date_gmt":"2018-03-22T10:48:58","guid":{"rendered":"https:\/\/izanges.fr\/voyance\/?post_type=product&#038;p=2102"},"modified":"2024-08-26T16:04:44","modified_gmt":"2024-08-26T16:04:44","slug":"sachet-de-protections-personnelle-avec-pierres","status":"publish","type":"product","link":"https:\/\/izanges.fr\/voyance\/product\/sachet-de-protections-personnelle-avec-pierres\/","title":{"rendered":"Sachet de protections personnelle avec pierres."},"content":{"rendered":"<p>Sachet en velours noir avec dix protections et onze petites pierres a porter toujours sur soi.<\/p>\n<p>Protections dans tous les domaines.<\/p>\n<p>Les protections sont en blanc sur la photo.<\/p>\n<p>Les pierres peuvent \u00eatre de diff\u00e9rentes formes d&#8217;un sachet \u00e0 l&#8217;autre.<\/p>\n<p>Elles sont magn\u00e9tis\u00e9es.<\/p>\n<p>&nbsp;<\/p>\n<p>&#8212;&#8212;&#8212;&#8212;&#8212;&#8212;&#8212;&#8212;&#8212;&#8212;&#8212;&#8212;&#8212;&#8212;&#8212;&#8212;&#8212;<\/p>\n<p>Si vous le d\u00e9sirez on peut mettre les protections dans un des bijoux soit la cartouche, soit le c\u0153ur.<\/p>\n<p>Sachez tout de m\u00eame que le bijoux est en plus du prix.<\/p>\n<p>&nbsp;<\/p>\n","protected":false},"excerpt":{"rendered":"<p>Sachets avec 10 protections et 11 pierres &hellip; <\/p>\n<p><a href=\"https:\/\/izanges.fr\/voyance\/product\/sachet-de-protections-personnelle-avec-pierres\/\" class=\"more-link\">Suite<span class=\"screen-reader-text\">Sachet de protections personnelle avec pierres.<\/span><\/a><\/p>\n","protected":false},"featured_media":9885,"comment_status":"open","ping_status":"closed","template":"","meta":{"_monsterinsights_skip_tracking":false,"_monsterinsights_sitenote_active":false,"_monsterinsights_sitenote_note":"","_monsterinsights_sitenote_category":0},"product_brand":[],"product_cat":[33],"product_tag":[],"class_list":{"0":"post-2102","1":"product","2":"type-product","3":"status-publish","4":"has-post-thumbnail","6":"product_cat-articles-divers","8":"first","9":"instock","10":"featured","11":"shipping-taxable","12":"purchasable","13":"product-type-simple"},"aioseo_notices":[],"jetpack_sharing_enabled":true,"_links":{"self":[{"href":"https:\/\/izanges.fr\/voyance\/wp-json\/wp\/v2\/product\/2102","targetHints":{"allow":["GET"]}}],"collection":[{"href":"https:\/\/izanges.fr\/voyance\/wp-json\/wp\/v2\/product"}],"about":[{"href":"https:\/\/izanges.fr\/voyance\/wp-json\/wp\/v2\/types\/product"}],"replies":[{"embeddable":true,"href":"https:\/\/izanges.fr\/voyance\/wp-json\/wp\/v2\/comments?post=2102"}],"wp:featuredmedia":[{"embeddable":true,"href":"https:\/\/izanges.fr\/voyance\/wp-json\/wp\/v2\/media\/9885"}],"wp:attachment":[{"href":"https:\/\/izanges.fr\/voyance\/wp-json\/wp\/v2\/media?parent=2102"}],"wp:term":[{"taxonomy":"product_brand","embeddable":true,"href":"https:\/\/izanges.fr\/voyance\/wp-json\/wp\/v2\/product_brand?post=2102"},{"taxonomy":"product_cat","embeddable":true,"href":"https:\/\/izanges.fr\/voyance\/wp-json\/wp\/v2\/product_cat?post=2102"},{"taxonomy":"product_tag","embeddable":true,"href":"https:\/\/izanges.fr\/voyance\/wp-json\/wp\/v2\/product_tag?post=2102"}],"curies":[{"name":"wp","href":"https:\/\/api.w.org\/{rel}","templated":true}]}}