{"id":227,"date":"2015-02-21T20:22:06","date_gmt":"2015-02-21T19:22:06","guid":{"rendered":"https:\/\/izanges.fr\/voyance\/?post_type=product&#038;p=227"},"modified":"2025-11-24T02:51:21","modified_gmt":"2025-11-24T02:51:21","slug":"votre-carre-magique-personnel","status":"publish","type":"product","link":"https:\/\/izanges.fr\/voyance\/product\/votre-carre-magique-personnel\/","title":{"rendered":"Votre carr\u00e9 magique personnel."},"content":{"rendered":"<p>Ces carr\u00e9s magiques Yantras sont \u00e0 la fois un puissant moyen de divination et un exceptionnel pour favoriser la chance, \u00e9loigner le mal et le n\u00e9gatif de votre vie, apporter la prosp\u00e9rit\u00e9 et la r\u00e9ussite en tous domaines selon des croyances Ces carr\u00e9s magiques Yantras sont \u00e0 la fois un puissant moyen de divination et un support exceptionnel pour favoriser la chance, \u00e9loigner le mal et le n\u00e9gatif de votre vie, apporter la prosp\u00e9rit\u00e9 et la r\u00e9ussite en tous domaines selon des croyances.<\/p>\n<p>Il me faut votre date de naissance compl\u00e8te ainsi que votre nom et pr\u00e9nom.<br \/>\nJe vous ferais parvenir votre carr\u00e9 magique personnel<br \/>\n\u00e0 toujours porter sur soit.<\/p>\n<p>Le carr\u00e9 magique est une suite de 16 chiffres contenu dans un carr\u00e9 \u00e0 16 cases dont la particularit\u00e9 est que la somme des colonnes, diagonales est toujours la m\u00eame.<\/p>\n<p>Je pourrai vous dire votre personnalit\u00e9 profonde.<\/p>\n","protected":false},"excerpt":{"rendered":"<p>Votre carr\u00e9 magique personnel gr\u00e2ce \u00e0 votre nom, pr\u00e9nom et votre date de naissance compl\u00e8te. &hellip; <\/p>\n<p><a href=\"https:\/\/izanges.fr\/voyance\/product\/votre-carre-magique-personnel\/\" class=\"more-link\">Suite<span class=\"screen-reader-text\">Votre carr\u00e9 magique personnel.<\/span><\/a><\/p>\n","protected":false},"featured_media":9935,"comment_status":"open","ping_status":"closed","template":"","meta":{"_monsterinsights_skip_tracking":false,"_monsterinsights_sitenote_active":false,"_monsterinsights_sitenote_note":"","_monsterinsights_sitenote_category":0},"product_brand":[],"product_cat":[15,58],"product_tag":[],"class_list":{"0":"post-227","1":"product","2":"type-product","3":"status-publish","4":"has-post-thumbnail","6":"product_cat-uncategorized","7":"product_cat-voyance-medium","9":"first","10":"instock","11":"virtual","12":"purchasable","13":"product-type-simple"},"aioseo_notices":[],"jetpack_sharing_enabled":true,"_links":{"self":[{"href":"https:\/\/izanges.fr\/voyance\/wp-json\/wp\/v2\/product\/227","targetHints":{"allow":["GET"]}}],"collection":[{"href":"https:\/\/izanges.fr\/voyance\/wp-json\/wp\/v2\/product"}],"about":[{"href":"https:\/\/izanges.fr\/voyance\/wp-json\/wp\/v2\/types\/product"}],"replies":[{"embeddable":true,"href":"https:\/\/izanges.fr\/voyance\/wp-json\/wp\/v2\/comments?post=227"}],"wp:featuredmedia":[{"embeddable":true,"href":"https:\/\/izanges.fr\/voyance\/wp-json\/wp\/v2\/media\/9935"}],"wp:attachment":[{"href":"https:\/\/izanges.fr\/voyance\/wp-json\/wp\/v2\/media?parent=227"}],"wp:term":[{"taxonomy":"product_brand","embeddable":true,"href":"https:\/\/izanges.fr\/voyance\/wp-json\/wp\/v2\/product_brand?post=227"},{"taxonomy":"product_cat","embeddable":true,"href":"https:\/\/izanges.fr\/voyance\/wp-json\/wp\/v2\/product_cat?post=227"},{"taxonomy":"product_tag","embeddable":true,"href":"https:\/\/izanges.fr\/voyance\/wp-json\/wp\/v2\/product_tag?post=227"}],"curies":[{"name":"wp","href":"https:\/\/api.w.org\/{rel}","templated":true}]}}