{"id":274,"date":"2015-02-22T15:19:40","date_gmt":"2015-02-22T14:19:40","guid":{"rendered":"https:\/\/izanges.fr\/voyance\/?post_type=product&#038;p=274"},"modified":"2025-11-18T16:27:39","modified_gmt":"2025-11-18T16:27:39","slug":"resume-de-votre-annee-2020-cote-argent-amour-travail-par-mail-par-medium","status":"publish","type":"product","link":"https:\/\/izanges.fr\/voyance\/product\/resume-de-votre-annee-2020-cote-argent-amour-travail-par-mail-par-medium\/","title":{"rendered":"R\u00e9sum\u00e9 de votre ann\u00e9e 2026 c\u00f4t\u00e9 argent, amour, travail par mail par m\u00e9dium."},"content":{"rendered":"<p>Donnez moi trois chiffres (pas vos chiffres porte bonheur) entre 0 et 21.<br \/>\nC&#8217;est par rapport \u00e0 vos chiffres que je pourrai vous faire un r\u00e9sum\u00e9 de votre ann\u00e9e c\u00f4t\u00e9 argent, travail et amour.<br \/>\nJe vous l&#8217;enverrais par mail.<\/p>\n","protected":false},"excerpt":{"rendered":"<p>Donnez moi trois chiffres (pas vos chiffres porte bonheur) entre 0 et 21. C&#8217;est par rapport \u00e0 vos chiffres que je pourrai vous faire un r\u00e9sum\u00e9 de votre ann\u00e9e c\u00f4t\u00e9<\/p>\n<p><a href=\"https:\/\/izanges.fr\/voyance\/product\/resume-de-votre-annee-2020-cote-argent-amour-travail-par-mail-par-medium\/\" class=\"more-link\">Suite<span class=\"screen-reader-text\">R\u00e9sum\u00e9 de votre ann\u00e9e 2026 c\u00f4t\u00e9 argent, amour, travail par mail par m\u00e9dium.<\/span><\/a><\/p>\n","protected":false},"featured_media":9951,"comment_status":"open","ping_status":"closed","template":"","meta":{"_monsterinsights_skip_tracking":false,"_monsterinsights_sitenote_active":false,"_monsterinsights_sitenote_note":"","_monsterinsights_sitenote_category":0},"product_brand":[],"product_cat":[15,58],"product_tag":[],"class_list":{"0":"post-274","1":"product","2":"type-product","3":"status-publish","4":"has-post-thumbnail","6":"product_cat-uncategorized","7":"product_cat-voyance-medium","9":"first","10":"instock","11":"virtual","12":"purchasable","13":"product-type-simple"},"aioseo_notices":[],"jetpack_sharing_enabled":true,"_links":{"self":[{"href":"https:\/\/izanges.fr\/voyance\/wp-json\/wp\/v2\/product\/274","targetHints":{"allow":["GET"]}}],"collection":[{"href":"https:\/\/izanges.fr\/voyance\/wp-json\/wp\/v2\/product"}],"about":[{"href":"https:\/\/izanges.fr\/voyance\/wp-json\/wp\/v2\/types\/product"}],"replies":[{"embeddable":true,"href":"https:\/\/izanges.fr\/voyance\/wp-json\/wp\/v2\/comments?post=274"}],"wp:featuredmedia":[{"embeddable":true,"href":"https:\/\/izanges.fr\/voyance\/wp-json\/wp\/v2\/media\/9951"}],"wp:attachment":[{"href":"https:\/\/izanges.fr\/voyance\/wp-json\/wp\/v2\/media?parent=274"}],"wp:term":[{"taxonomy":"product_brand","embeddable":true,"href":"https:\/\/izanges.fr\/voyance\/wp-json\/wp\/v2\/product_brand?post=274"},{"taxonomy":"product_cat","embeddable":true,"href":"https:\/\/izanges.fr\/voyance\/wp-json\/wp\/v2\/product_cat?post=274"},{"taxonomy":"product_tag","embeddable":true,"href":"https:\/\/izanges.fr\/voyance\/wp-json\/wp\/v2\/product_tag?post=274"}],"curies":[{"name":"wp","href":"https:\/\/api.w.org\/{rel}","templated":true}]}}