{"id":277,"date":"2015-02-22T15:28:40","date_gmt":"2015-02-22T14:28:40","guid":{"rendered":"https:\/\/izanges.fr\/voyance\/?post_type=product&#038;p=277"},"modified":"2025-11-24T02:51:21","modified_gmt":"2025-11-24T02:51:21","slug":"pack-voyance-promo-par-medium","status":"publish","type":"product","link":"https:\/\/izanges.fr\/voyance\/product\/pack-voyance-promo-par-medium\/","title":{"rendered":"Pack voyance promo par m\u00e9dium 2026"},"content":{"rendered":"<p>Dans ce pack il y a:<\/p>\n<ul>\n<li>R\u00e9sum\u00e9 de votre ann\u00e9e 2026 c\u00f4t\u00e9 argent, amour, travail par mail.<\/li>\n<li>Recevoir un message de l&#8217;Archange Michael.<\/li>\n<li>Faites jaillir la chance dans votre vie avec votre carr\u00e9 magique perso.<\/li>\n<li>R\u00e9ponse \u00e0 une question par mail.<\/li>\n<li>R\u00e9ponse \u00e0 une question par les anges.<\/li>\n<\/ul>\n<p>Ce pack est valable 6 mois \u00e0 partir de son achat. Je vous expliquerai ce qu&#8217;il me faudra comme renseignements.<\/p>\n","protected":false},"excerpt":{"rendered":"<p>Dans ce pack il y a: R\u00e9sum\u00e9 de votre ann\u00e9e 2026 c\u00f4t\u00e9 argent, amour, travail par mail. Recevoir un message de l&#8217;Archange Michael. Faites jaillir la chance dans votre vie<\/p>\n<p><a href=\"https:\/\/izanges.fr\/voyance\/product\/pack-voyance-promo-par-medium\/\" class=\"more-link\">Suite<span class=\"screen-reader-text\">Pack voyance promo par m\u00e9dium 2026<\/span><\/a><\/p>\n","protected":false},"featured_media":9875,"comment_status":"open","ping_status":"closed","template":"","meta":{"_monsterinsights_skip_tracking":false,"_monsterinsights_sitenote_active":false,"_monsterinsights_sitenote_note":"","_monsterinsights_sitenote_category":0},"product_brand":[],"product_cat":[15,58],"product_tag":[],"class_list":{"0":"post-277","1":"product","2":"type-product","3":"status-publish","4":"has-post-thumbnail","6":"product_cat-uncategorized","7":"product_cat-voyance-medium","9":"first","10":"instock","11":"virtual","12":"purchasable","13":"product-type-simple"},"aioseo_notices":[],"jetpack_sharing_enabled":true,"_links":{"self":[{"href":"https:\/\/izanges.fr\/voyance\/wp-json\/wp\/v2\/product\/277","targetHints":{"allow":["GET"]}}],"collection":[{"href":"https:\/\/izanges.fr\/voyance\/wp-json\/wp\/v2\/product"}],"about":[{"href":"https:\/\/izanges.fr\/voyance\/wp-json\/wp\/v2\/types\/product"}],"replies":[{"embeddable":true,"href":"https:\/\/izanges.fr\/voyance\/wp-json\/wp\/v2\/comments?post=277"}],"wp:featuredmedia":[{"embeddable":true,"href":"https:\/\/izanges.fr\/voyance\/wp-json\/wp\/v2\/media\/9875"}],"wp:attachment":[{"href":"https:\/\/izanges.fr\/voyance\/wp-json\/wp\/v2\/media?parent=277"}],"wp:term":[{"taxonomy":"product_brand","embeddable":true,"href":"https:\/\/izanges.fr\/voyance\/wp-json\/wp\/v2\/product_brand?post=277"},{"taxonomy":"product_cat","embeddable":true,"href":"https:\/\/izanges.fr\/voyance\/wp-json\/wp\/v2\/product_cat?post=277"},{"taxonomy":"product_tag","embeddable":true,"href":"https:\/\/izanges.fr\/voyance\/wp-json\/wp\/v2\/product_tag?post=277"}],"curies":[{"name":"wp","href":"https:\/\/api.w.org\/{rel}","templated":true}]}}