{"id":281,"date":"2015-02-22T15:34:46","date_gmt":"2015-02-22T14:34:46","guid":{"rendered":"https:\/\/izanges.fr\/voyance\/?post_type=product&#038;p=281"},"modified":"2024-08-29T13:27:27","modified_gmt":"2024-08-29T13:27:27","slug":"voyance-recevoir-un-message-de-larchange-michael","status":"publish","type":"product","link":"https:\/\/izanges.fr\/voyance\/product\/voyance-recevoir-un-message-de-larchange-michael\/","title":{"rendered":"Voyance recevoir un message de l&#8217;archange Michael"},"content":{"rendered":"<p><span style=\"font-family: Arial; font-size: x-large;\">Si vous vous posez une question, l&#8217;archange Michael peut vous aider \u00e0 y r\u00e9pondre.<\/span><\/p>\n<p><span style=\"font-family: Arial; font-size: x-large;\">Il faut savoir que l&#8217;archange Michael est un protecteur tr\u00e8s puissant qui fournit des r\u00e9ponses pr\u00e9cises \u00e0 toutes <span class=\"spellmodupdated\" title=\"\">vos questions<\/span>.<\/span><\/p>\n<p><span style=\"font-family: Arial; font-size: x-large;\">De plus l&#8217;archange Michael connait parfaitement la raison de vivre de chaque personne.<\/span><\/p>\n<p><span style=\"font-family: Arial; font-size: x-large;\">Le nom de l&#8217;archange Michael signifie &#8220;Celui qui est comme Dieu&#8221;<\/span><\/p>\n<p><span style=\"font-family: Arial; font-size: x-large;\">Vous m&#8217;envoyez votre question, votre pr\u00e9nom et un chiffre de <span class=\"ver\" title=\"\">1 \u00e0<\/span> 44, je vous donnerai le conseil, et la pri\u00e8re de L&#8217;archange Michael.<\/span><\/p>\n<p><span style=\"font-family: Arial; font-size: x-large;\">En lisant le conseil de L&#8217;archange Michael vous aurez votre r\u00e9ponse.<br \/>\n<\/span><\/p>\n<p><span style=\"font-family: Arial; font-size: x-large;\">L&#8217;archange Michael peut vous aider \u00e0 am\u00e9liorer votre avenir si vous le lui demandez et restez ouvert \u00e0 la r\u00e9ception de son assistance.<\/span><\/p>\n","protected":false},"excerpt":{"rendered":"<p>Voyance gr\u00e2ce \u00e0 l&#8217;archange Michael &hellip; <\/p>\n<p><a href=\"https:\/\/izanges.fr\/voyance\/product\/voyance-recevoir-un-message-de-larchange-michael\/\" class=\"more-link\">Suite<span class=\"screen-reader-text\">Voyance recevoir un message de l&#8217;archange Michael<\/span><\/a><\/p>\n","protected":false},"featured_media":9967,"comment_status":"open","ping_status":"closed","template":"","meta":{"_monsterinsights_skip_tracking":false,"_monsterinsights_sitenote_active":false,"_monsterinsights_sitenote_note":"","_monsterinsights_sitenote_category":0},"product_brand":[],"product_cat":[58],"product_tag":[],"class_list":{"0":"post-281","1":"product","2":"type-product","3":"status-publish","4":"has-post-thumbnail","6":"product_cat-voyance-medium","8":"first","9":"instock","10":"virtual","11":"purchasable","12":"product-type-simple"},"aioseo_notices":[],"jetpack_sharing_enabled":true,"_links":{"self":[{"href":"https:\/\/izanges.fr\/voyance\/wp-json\/wp\/v2\/product\/281","targetHints":{"allow":["GET"]}}],"collection":[{"href":"https:\/\/izanges.fr\/voyance\/wp-json\/wp\/v2\/product"}],"about":[{"href":"https:\/\/izanges.fr\/voyance\/wp-json\/wp\/v2\/types\/product"}],"replies":[{"embeddable":true,"href":"https:\/\/izanges.fr\/voyance\/wp-json\/wp\/v2\/comments?post=281"}],"wp:featuredmedia":[{"embeddable":true,"href":"https:\/\/izanges.fr\/voyance\/wp-json\/wp\/v2\/media\/9967"}],"wp:attachment":[{"href":"https:\/\/izanges.fr\/voyance\/wp-json\/wp\/v2\/media?parent=281"}],"wp:term":[{"taxonomy":"product_brand","embeddable":true,"href":"https:\/\/izanges.fr\/voyance\/wp-json\/wp\/v2\/product_brand?post=281"},{"taxonomy":"product_cat","embeddable":true,"href":"https:\/\/izanges.fr\/voyance\/wp-json\/wp\/v2\/product_cat?post=281"},{"taxonomy":"product_tag","embeddable":true,"href":"https:\/\/izanges.fr\/voyance\/wp-json\/wp\/v2\/product_tag?post=281"}],"curies":[{"name":"wp","href":"https:\/\/api.w.org\/{rel}","templated":true}]}}