{"id":287,"date":"2015-02-22T15:41:59","date_gmt":"2015-02-22T14:41:59","guid":{"rendered":"https:\/\/izanges.fr\/voyance\/?post_type=product&#038;p=287"},"modified":"2026-01-01T03:41:17","modified_gmt":"2026-01-01T03:41:17","slug":"voyance-reponse-rapide-par-la-geomancie","status":"publish","type":"product","link":"https:\/\/izanges.fr\/voyance\/product\/voyance-reponse-rapide-par-la-geomancie\/","title":{"rendered":"Voyance, r\u00e9ponse rapide par la g\u00e9omancie."},"content":{"rendered":"<p><span style=\"text-decoration: underline;\">La g\u00e9omancie signifie la divination par la terre.<\/span><\/p>\n<p>Envoyez moi votre question sur voyance@izanges.fr.<br \/>\nAvec votre nom, pr\u00e9nom, date de naissance. <\/p>\n<p>&nbsp;<\/p>\n","protected":false},"excerpt":{"rendered":"<p>Voyance rapide gr\u00e2ce \u00e0 la g\u00e9omancie &hellip; <\/p>\n<p><a href=\"https:\/\/izanges.fr\/voyance\/product\/voyance-reponse-rapide-par-la-geomancie\/\" class=\"more-link\">Suite<span class=\"screen-reader-text\">Voyance, r\u00e9ponse rapide par la g\u00e9omancie.<\/span><\/a><\/p>\n","protected":false},"featured_media":9965,"comment_status":"open","ping_status":"closed","template":"","meta":{"_monsterinsights_skip_tracking":false,"_monsterinsights_sitenote_active":false,"_monsterinsights_sitenote_note":"","_monsterinsights_sitenote_category":0},"product_brand":[],"product_cat":[15,58],"product_tag":[],"class_list":{"0":"post-287","1":"product","2":"type-product","3":"status-publish","4":"has-post-thumbnail","6":"product_cat-uncategorized","7":"product_cat-voyance-medium","9":"first","10":"instock","11":"virtual","12":"purchasable","13":"product-type-simple"},"aioseo_notices":[],"jetpack_sharing_enabled":true,"_links":{"self":[{"href":"https:\/\/izanges.fr\/voyance\/wp-json\/wp\/v2\/product\/287","targetHints":{"allow":["GET"]}}],"collection":[{"href":"https:\/\/izanges.fr\/voyance\/wp-json\/wp\/v2\/product"}],"about":[{"href":"https:\/\/izanges.fr\/voyance\/wp-json\/wp\/v2\/types\/product"}],"replies":[{"embeddable":true,"href":"https:\/\/izanges.fr\/voyance\/wp-json\/wp\/v2\/comments?post=287"}],"wp:featuredmedia":[{"embeddable":true,"href":"https:\/\/izanges.fr\/voyance\/wp-json\/wp\/v2\/media\/9965"}],"wp:attachment":[{"href":"https:\/\/izanges.fr\/voyance\/wp-json\/wp\/v2\/media?parent=287"}],"wp:term":[{"taxonomy":"product_brand","embeddable":true,"href":"https:\/\/izanges.fr\/voyance\/wp-json\/wp\/v2\/product_brand?post=287"},{"taxonomy":"product_cat","embeddable":true,"href":"https:\/\/izanges.fr\/voyance\/wp-json\/wp\/v2\/product_cat?post=287"},{"taxonomy":"product_tag","embeddable":true,"href":"https:\/\/izanges.fr\/voyance\/wp-json\/wp\/v2\/product_tag?post=287"}],"curies":[{"name":"wp","href":"https:\/\/api.w.org\/{rel}","templated":true}]}}