{"id":289,"date":"2015-02-22T15:13:32","date_gmt":"2015-02-22T15:13:32","guid":{"rendered":"https:\/\/izanges.fr\/voyance\/?post_type=product&#038;p=289"},"modified":"2026-03-08T16:55:05","modified_gmt":"2026-03-08T16:55:05","slug":"voyance-coaching-3-consultations-de-30-minutes-utilisables-dans-un-delais-de-3-mois","status":"publish","type":"product","link":"https:\/\/izanges.fr\/voyance\/product\/voyance-coaching-3-consultations-de-30-minutes-utilisables-dans-un-delais-de-3-mois\/","title":{"rendered":"Coaching Voyance sujet au choix 1 heure"},"content":{"rendered":"<p>On a parfois l\u2019impression de tourner en rond, de ne pas trouver de solutions. Combien de fois ne nous sommes pas dit,\u00a0pourquoi moi\u00a0? Pourquoi tout ce que j\u2019entreprends n\u2019aboutit qu\u2019\u00e0 un \u00e9chec\u00a0? Pourquoi m\u2019a-t-il\/elle quitt\u00e9\u00a0? Pourquoi ma relation avec mon enfant, ma famille est-elle juch\u00e9e d\u2019obstacles\u00a0? Pourquoi suis-je toujours c\u00e9libataire\u00a0? Qu\u2019ai-je fait au ciel pour m\u00e9riter \u00e7a\u00a0?<br \/>\nIl n\u2019est pas facile de se remettre soi-m\u00eame en questions, de trouver des solutions aux probl\u00e8mes rencontr\u00e9s\u00a0.La peur, le manque de confiance en soi et d\u2019objectivit\u00e9, le complexe, la soumission psychologique\u2026 Tant d\u2019\u00e9l\u00e9ments peuvent d\u00e9jouer le cours du destin ou rendre difficile le chemin \u00e0 parcourir.<br \/>\nA l\u2019aide de mon don de voyance, j\u2019aurai pour r\u00f4le de v\u00e9rifier si vos objectifs sont r\u00e9alisables et de trouver d\u2019ad\u00e9quats conseils pour les accomplir. Une \u00e9tude du caract\u00e8re sera des plus importantes afin d\u2019allier justes recommandations \u00e0 la r\u00e9ussite. Certes l\u2019astrologie est un point essentiel \u00e0 cette \u00e9tude, mais il est indispensable de d\u00e9terminer les \u00e9preuves du pass\u00e9, ces derni\u00e8res refl\u00e8tent souvent le comportement pr\u00e9sent d\u2019une personne d\u2019autant que nombre de circonstances peuvent jouer un r\u00f4le au bon d\u00e9roulement d\u2019une r\u00e9alisation.<br \/>\nJe me diff\u00e9rencie d\u2019un coach traditionnel de part mes facult\u00e9s m\u00e9diumniques que j\u2019utiliserai telle une m\u00e9thode. Tout comme ces s\u00e9ances se diff\u00e9rencient de consultations de voyances puisque le coaching en est le principal moteur.<br \/>\nLa premi\u00e8re s\u00e9ance a pour but de d\u00e9grossir la situation. Faire en quelques sortes un \u00e9tat des lieux et de la condition pr\u00e9sente et ceci quel que soit le secteur pour lequel vous d\u00e9cidez l\u2019apport d\u2019un coaching.<br \/>\nA savoir\u00a0: O\u00f9 le consultant a \u00e9t\u00e9 &#8211; O\u00f9 il en est &#8211; O\u00f9 il veut aller.<br \/>\nLa dur\u00e9e du coaching, la m\u00e9thode \u00e0 adopter ne d\u00e9pendront que du consultant, de la situation pr\u00e9sente, de ces attentes et de son investissement personnel.<br \/>\nCertains n\u2019auront besoin que d\u2019un petit coup de pouce alors que d\u2019autres auront besoin d\u2019un travail plus approfondi.<br \/>\nComme dans toute entreprise, un effort est obligatoire, il n\u2019y a pas de miracles dans la vie mais des r\u00e9sultats. Le consultant devra faire face \u00e0 de la rigueur, de la bonne foi et surtout acceptera d\u2019entendre ce qui peut faire mal aussi. Mon r\u00f4le n\u2019\u00e9tant pas de caresser dans le sens du poil mais bel et bien de vous permettre d\u2019\u00e9voluer avec justesse et surtout avec vous-m\u00eame.<br \/>\nMes m\u00e9thodes de travail s&#8217;appuient \u00e9galement sur les principes de la loi d&#8217;attraction qui disent que nous attirons \u00e0 nous tout ce \u00e0 quoi nous pensons, ce en quoi nous croyons et ce \u00e0 quoi nous pr\u00eatons attention la majorit\u00e9 du temps.<br \/>\nDepuis que je connais ces principes et que j&#8217;ai commenc\u00e9 \u00e0 les appliquer d\u00e9lib\u00e9r\u00e9ment, ma vie a radicalement chang\u00e9 pour laisser la place \u00e0 toujours plus de joie, \u00e0 la concr\u00e9tisation de nombreux projets et \u00e0 l&#8217;arriv\u00e9e de merveilleuses exp\u00e9riences sur mon chemin de vie. \u00c7a ne s&#8217;est pas fait d&#8217;un coup bien s\u00fbr, mais je vous dirais que plus on prend conscience du fait que toutes les cl\u00e9s se trouvent en nous, et plus il devient facile\u00a0 d&#8217;appliquer ces principes dans sa propre vie et de pouvoir alors la modeler selon ce qui nous tient le plus \u00e0 c\u0153ur.<br \/>\nSi c&#8217;est le cas, je vous propose de vous accompagner dans votre d\u00e9marche d&#8217;\u00e9volution pour que vous aussi, vous puissiez voir vos r\u00eaves les plus chers devenir r\u00e9alit\u00e9 !<\/p>\n","protected":false},"excerpt":{"rendered":"<p>On a parfois l\u2019impression de tourner en rond, de ne pas trouver de solutions. Combien de fois ne nous sommes pas dit,\u00a0pourquoi moi\u00a0? Pourquoi tout ce que j\u2019entreprends n\u2019aboutit qu\u2019\u00e0<\/p>\n<p><a href=\"https:\/\/izanges.fr\/voyance\/product\/voyance-coaching-3-consultations-de-30-minutes-utilisables-dans-un-delais-de-3-mois\/\" class=\"more-link\">Suite<span class=\"screen-reader-text\">Coaching Voyance sujet au choix 1 heure<\/span><\/a><\/p>\n","protected":false},"featured_media":9953,"comment_status":"open","ping_status":"closed","template":"","meta":{"_monsterinsights_skip_tracking":false,"_monsterinsights_sitenote_active":false,"_monsterinsights_sitenote_note":"","_monsterinsights_sitenote_category":0},"product_brand":[],"product_cat":[56,58],"product_tag":[],"class_list":{"0":"post-289","1":"product","2":"type-product","3":"status-publish","4":"has-post-thumbnail","6":"product_cat-coaching","7":"product_cat-voyance-medium","9":"first","10":"instock","11":"virtual","12":"purchasable","13":"product-type-simple"},"aioseo_notices":[],"jetpack_sharing_enabled":true,"_links":{"self":[{"href":"https:\/\/izanges.fr\/voyance\/wp-json\/wp\/v2\/product\/289","targetHints":{"allow":["GET"]}}],"collection":[{"href":"https:\/\/izanges.fr\/voyance\/wp-json\/wp\/v2\/product"}],"about":[{"href":"https:\/\/izanges.fr\/voyance\/wp-json\/wp\/v2\/types\/product"}],"replies":[{"embeddable":true,"href":"https:\/\/izanges.fr\/voyance\/wp-json\/wp\/v2\/comments?post=289"}],"wp:featuredmedia":[{"embeddable":true,"href":"https:\/\/izanges.fr\/voyance\/wp-json\/wp\/v2\/media\/9953"}],"wp:attachment":[{"href":"https:\/\/izanges.fr\/voyance\/wp-json\/wp\/v2\/media?parent=289"}],"wp:term":[{"taxonomy":"product_brand","embeddable":true,"href":"https:\/\/izanges.fr\/voyance\/wp-json\/wp\/v2\/product_brand?post=289"},{"taxonomy":"product_cat","embeddable":true,"href":"https:\/\/izanges.fr\/voyance\/wp-json\/wp\/v2\/product_cat?post=289"},{"taxonomy":"product_tag","embeddable":true,"href":"https:\/\/izanges.fr\/voyance\/wp-json\/wp\/v2\/product_tag?post=289"}],"curies":[{"name":"wp","href":"https:\/\/api.w.org\/{rel}","templated":true}]}}