{"id":2949,"date":"2019-07-29T16:14:46","date_gmt":"2019-07-29T15:14:46","guid":{"rendered":"https:\/\/izanges.fr\/voyance\/?post_type=product&#038;p=2949"},"modified":"2024-08-26T15:52:35","modified_gmt":"2024-08-26T15:52:35","slug":"calcul-et-analyse-de-votre-chemin-de-vie","status":"publish","type":"product","link":"https:\/\/izanges.fr\/voyance\/product\/calcul-et-analyse-de-votre-chemin-de-vie\/","title":{"rendered":"Calcul et analyse de votre chemin de vie."},"content":{"rendered":"<p>Le chemin de vie est un des nombres les plus importants dans votre th\u00e8me de num\u00e9rologie car il est calcul\u00e9 \u00e0 partir de votre date de naissance.<br \/>\nIl r\u00e9v\u00e8le votre direction de vie la plus \u00e9panouissante et les principales le\u00e7ons que vous devez apprendre durant cette vie.<\/p>\n<p>Il me faudra votre date de naissance ainsi que votre adresse mail.<\/p>\n","protected":false},"excerpt":{"rendered":"<p>Calcul de votre chemin de vie &hellip; <\/p>\n<p><a href=\"https:\/\/izanges.fr\/voyance\/product\/calcul-et-analyse-de-votre-chemin-de-vie\/\" class=\"more-link\">Suite<span class=\"screen-reader-text\">Calcul et analyse de votre chemin de vie.<\/span><\/a><\/p>\n","protected":false},"featured_media":9934,"comment_status":"open","ping_status":"closed","template":"","meta":{"_monsterinsights_skip_tracking":false,"_monsterinsights_sitenote_active":false,"_monsterinsights_sitenote_note":"","_monsterinsights_sitenote_category":0},"product_brand":[],"product_cat":[15,58],"product_tag":[],"class_list":{"0":"post-2949","1":"product","2":"type-product","3":"status-publish","4":"has-post-thumbnail","6":"product_cat-uncategorized","7":"product_cat-voyance-medium","9":"first","10":"instock","11":"virtual","12":"purchasable","13":"product-type-simple"},"aioseo_notices":[],"jetpack_sharing_enabled":true,"_links":{"self":[{"href":"https:\/\/izanges.fr\/voyance\/wp-json\/wp\/v2\/product\/2949","targetHints":{"allow":["GET"]}}],"collection":[{"href":"https:\/\/izanges.fr\/voyance\/wp-json\/wp\/v2\/product"}],"about":[{"href":"https:\/\/izanges.fr\/voyance\/wp-json\/wp\/v2\/types\/product"}],"replies":[{"embeddable":true,"href":"https:\/\/izanges.fr\/voyance\/wp-json\/wp\/v2\/comments?post=2949"}],"wp:featuredmedia":[{"embeddable":true,"href":"https:\/\/izanges.fr\/voyance\/wp-json\/wp\/v2\/media\/9934"}],"wp:attachment":[{"href":"https:\/\/izanges.fr\/voyance\/wp-json\/wp\/v2\/media?parent=2949"}],"wp:term":[{"taxonomy":"product_brand","embeddable":true,"href":"https:\/\/izanges.fr\/voyance\/wp-json\/wp\/v2\/product_brand?post=2949"},{"taxonomy":"product_cat","embeddable":true,"href":"https:\/\/izanges.fr\/voyance\/wp-json\/wp\/v2\/product_cat?post=2949"},{"taxonomy":"product_tag","embeddable":true,"href":"https:\/\/izanges.fr\/voyance\/wp-json\/wp\/v2\/product_tag?post=2949"}],"curies":[{"name":"wp","href":"https:\/\/api.w.org\/{rel}","templated":true}]}}