{"id":3044,"date":"2019-10-15T16:54:59","date_gmt":"2019-10-15T15:54:59","guid":{"rendered":"https:\/\/izanges.fr\/voyance\/?post_type=product&#038;p=3044"},"modified":"2025-11-24T02:51:22","modified_gmt":"2025-11-24T02:51:22","slug":"collier-archange-michael-en-acier-mixte","status":"publish","type":"product","link":"https:\/\/izanges.fr\/voyance\/product\/collier-archange-michael-en-acier-mixte\/","title":{"rendered":"Collier Archange Michael en acier mixte"},"content":{"rendered":"<p>M\u00e9daille et chaine en acier Archange Michael mixte.<\/p>\n<p>M\u00e9daille \u00e0 2 c\u00f4t\u00e9s distincts.<\/p>\n<p>De couleur argent\u00e9.<\/p>\n<p><strong>Mesures du bijou :<\/strong><\/p>\n<ul>\n<li>Hauteur m\u00e9daille : 4 cm<\/li>\n<li>Largeur m\u00e9daille : 2,5 cm<\/li>\n<li>Longueur de la chaine: 57 cm<\/li>\n<\/ul>\n<p>&nbsp;<\/p>\n<p>La pri\u00e8re \u00e0 l&#8217;Archange Michael est disponible sur le site.<\/p>\n<p>_________________________________________<\/p>\n<p>Les frais d&#8217;envoi sont compris dans le prix pour la France.<\/p>\n<p>9,99\u20ac pour le collier et 4\u20ac pour la livraison en suivi.<\/p>\n<p>_________________________________________<\/p>\n","protected":false},"excerpt":{"rendered":"<p>M\u00e9daille et chaine en acier Archange Michael mixte. M\u00e9daille \u00e0 2 c\u00f4t\u00e9s distincts. De couleur argent\u00e9. Mesures du bijou : Hauteur m\u00e9daille : 4 cm Largeur m\u00e9daille : 2,5 cm<\/p>\n<p><a href=\"https:\/\/izanges.fr\/voyance\/product\/collier-archange-michael-en-acier-mixte\/\" class=\"more-link\">Suite<span class=\"screen-reader-text\">Collier Archange Michael en acier mixte<\/span><\/a><\/p>\n","protected":false},"featured_media":10363,"comment_status":"open","ping_status":"closed","template":"","meta":{"_monsterinsights_skip_tracking":false,"_monsterinsights_sitenote_active":false,"_monsterinsights_sitenote_note":"","_monsterinsights_sitenote_category":0},"product_brand":[],"product_cat":[63],"product_tag":[],"class_list":{"0":"post-3044","1":"product","2":"type-product","3":"status-publish","4":"has-post-thumbnail","6":"product_cat-bijoux","8":"first","9":"instock","10":"featured","11":"shipping-taxable","12":"purchasable","13":"product-type-simple"},"aioseo_notices":[],"jetpack_sharing_enabled":true,"_links":{"self":[{"href":"https:\/\/izanges.fr\/voyance\/wp-json\/wp\/v2\/product\/3044","targetHints":{"allow":["GET"]}}],"collection":[{"href":"https:\/\/izanges.fr\/voyance\/wp-json\/wp\/v2\/product"}],"about":[{"href":"https:\/\/izanges.fr\/voyance\/wp-json\/wp\/v2\/types\/product"}],"replies":[{"embeddable":true,"href":"https:\/\/izanges.fr\/voyance\/wp-json\/wp\/v2\/comments?post=3044"}],"wp:featuredmedia":[{"embeddable":true,"href":"https:\/\/izanges.fr\/voyance\/wp-json\/wp\/v2\/media\/10363"}],"wp:attachment":[{"href":"https:\/\/izanges.fr\/voyance\/wp-json\/wp\/v2\/media?parent=3044"}],"wp:term":[{"taxonomy":"product_brand","embeddable":true,"href":"https:\/\/izanges.fr\/voyance\/wp-json\/wp\/v2\/product_brand?post=3044"},{"taxonomy":"product_cat","embeddable":true,"href":"https:\/\/izanges.fr\/voyance\/wp-json\/wp\/v2\/product_cat?post=3044"},{"taxonomy":"product_tag","embeddable":true,"href":"https:\/\/izanges.fr\/voyance\/wp-json\/wp\/v2\/product_tag?post=3044"}],"curies":[{"name":"wp","href":"https:\/\/api.w.org\/{rel}","templated":true}]}}