{"id":3200,"date":"2019-12-15T11:28:16","date_gmt":"2019-12-15T11:28:16","guid":{"rendered":"https:\/\/izanges.fr\/voyance\/?post_type=product&#038;p=3200"},"modified":"2026-02-18T17:13:08","modified_gmt":"2026-02-18T17:13:08","slug":"que-vous-reserve-2020-cest-un-resume-par-mail","status":"publish","type":"product","link":"https:\/\/izanges.fr\/voyance\/product\/que-vous-reserve-2020-cest-un-resume-par-mail\/","title":{"rendered":"Que vous r\u00e9serve 2026? R\u00e9sum\u00e9 par mail."},"content":{"rendered":"<p>Je vous fournirai un r\u00e9sum\u00e9 complet et personnalis\u00e9 des grandes lignes de l&#8217;ann\u00e9e 2026. Pour cela, pourriez-vous, s&#8217;il vous pla\u00eet, me fournir votre date de naissance ainsi que votre adresse mail ?<\/p>\n<p>Ces informations me permettront de vous envoyer directement le document et d&#8217;adapter le contenu \u00e0 vos int\u00e9r\u00eats et besoins sp\u00e9cifiques.<\/p>\n","protected":false},"excerpt":{"rendered":"<p>Je vous fournirai un r\u00e9sum\u00e9 complet et personnalis\u00e9 des grandes lignes de l&#8217;ann\u00e9e 2026. &hellip; <\/p>\n<p><a href=\"https:\/\/izanges.fr\/voyance\/product\/que-vous-reserve-2020-cest-un-resume-par-mail\/\" class=\"more-link\">Suite<span class=\"screen-reader-text\">Que vous r\u00e9serve 2026? R\u00e9sum\u00e9 par mail.<\/span><\/a><\/p>\n","protected":false},"featured_media":9876,"comment_status":"open","ping_status":"closed","template":"","meta":{"_monsterinsights_skip_tracking":false,"_monsterinsights_sitenote_active":false,"_monsterinsights_sitenote_note":"","_monsterinsights_sitenote_category":0},"product_brand":[],"product_cat":[15,58],"product_tag":[],"class_list":{"0":"post-3200","1":"product","2":"type-product","3":"status-publish","4":"has-post-thumbnail","6":"product_cat-uncategorized","7":"product_cat-voyance-medium","9":"first","10":"instock","11":"featured","12":"virtual","13":"purchasable","14":"product-type-simple"},"aioseo_notices":[],"jetpack_sharing_enabled":true,"_links":{"self":[{"href":"https:\/\/izanges.fr\/voyance\/wp-json\/wp\/v2\/product\/3200","targetHints":{"allow":["GET"]}}],"collection":[{"href":"https:\/\/izanges.fr\/voyance\/wp-json\/wp\/v2\/product"}],"about":[{"href":"https:\/\/izanges.fr\/voyance\/wp-json\/wp\/v2\/types\/product"}],"replies":[{"embeddable":true,"href":"https:\/\/izanges.fr\/voyance\/wp-json\/wp\/v2\/comments?post=3200"}],"wp:featuredmedia":[{"embeddable":true,"href":"https:\/\/izanges.fr\/voyance\/wp-json\/wp\/v2\/media\/9876"}],"wp:attachment":[{"href":"https:\/\/izanges.fr\/voyance\/wp-json\/wp\/v2\/media?parent=3200"}],"wp:term":[{"taxonomy":"product_brand","embeddable":true,"href":"https:\/\/izanges.fr\/voyance\/wp-json\/wp\/v2\/product_brand?post=3200"},{"taxonomy":"product_cat","embeddable":true,"href":"https:\/\/izanges.fr\/voyance\/wp-json\/wp\/v2\/product_cat?post=3200"},{"taxonomy":"product_tag","embeddable":true,"href":"https:\/\/izanges.fr\/voyance\/wp-json\/wp\/v2\/product_tag?post=3200"}],"curies":[{"name":"wp","href":"https:\/\/api.w.org\/{rel}","templated":true}]}}