{"id":392,"date":"2015-03-29T19:22:17","date_gmt":"2015-03-29T18:22:17","guid":{"rendered":"https:\/\/izanges.fr\/voyance\/?post_type=product&#038;p=392"},"modified":"2024-12-04T18:02:42","modified_gmt":"2024-12-04T18:02:42","slug":"joffre-linitiation-au-rayon-dabondance-dabundantia-gratuitement","status":"publish","type":"product","link":"https:\/\/izanges.fr\/voyance\/product\/joffre-linitiation-au-rayon-dabondance-dabundantia-gratuitement\/","title":{"rendered":"J\u2019offre l\u2019initiation au Rayon d\u2019Abondance d\u2019Abundantia gratuitement pour toute commande."},"content":{"rendered":"<p>Pour toute commande chez Izanges voyance, je vous offre sur demande l&#8217;initiation au rayon d&#8217;Abondance d&#8217;Abundantia.<\/p>\n<p>Je vous enverrai l\u2019initiation de 28 pages.<\/p>\n<p>Pour cela il faut juste m&#8217;envoyer votre adresse mail.<\/p>\n<p>Je suis tr\u00e8s heureuse de vous accompagner dans cette tr\u00e8s belle \u00e9nergie et vous remercie pour votre confiance en me choisissant comme Ma\u00eetre afin de vous initier.<\/p>\n","protected":false},"excerpt":{"rendered":"<p>Pour toute commande chez Izanges voyance, je vous offre sur demande l&#8217;initiation au rayon d&#8217;Abondance d&#8217;Abundantia. Je vous enverrai l\u2019initiation de 28 pages. Pour cela il faut juste m&#8217;envoyer votre<\/p>\n<p><a href=\"https:\/\/izanges.fr\/voyance\/product\/joffre-linitiation-au-rayon-dabondance-dabundantia-gratuitement\/\" class=\"more-link\">Suite<span class=\"screen-reader-text\">J\u2019offre l\u2019initiation au Rayon d\u2019Abondance d\u2019Abundantia gratuitement pour toute commande.<\/span><\/a><\/p>\n","protected":false},"featured_media":9933,"comment_status":"open","ping_status":"closed","template":"","meta":{"_monsterinsights_skip_tracking":false,"_monsterinsights_sitenote_active":false,"_monsterinsights_sitenote_note":"","_monsterinsights_sitenote_category":0},"product_brand":[],"product_cat":[33,58],"product_tag":[],"class_list":{"0":"post-392","1":"product","2":"type-product","3":"status-publish","4":"has-post-thumbnail","6":"product_cat-articles-divers","7":"product_cat-voyance-medium","9":"first","10":"instock","11":"virtual","12":"purchasable","13":"product-type-simple"},"aioseo_notices":[],"jetpack_sharing_enabled":true,"_links":{"self":[{"href":"https:\/\/izanges.fr\/voyance\/wp-json\/wp\/v2\/product\/392","targetHints":{"allow":["GET"]}}],"collection":[{"href":"https:\/\/izanges.fr\/voyance\/wp-json\/wp\/v2\/product"}],"about":[{"href":"https:\/\/izanges.fr\/voyance\/wp-json\/wp\/v2\/types\/product"}],"replies":[{"embeddable":true,"href":"https:\/\/izanges.fr\/voyance\/wp-json\/wp\/v2\/comments?post=392"}],"wp:featuredmedia":[{"embeddable":true,"href":"https:\/\/izanges.fr\/voyance\/wp-json\/wp\/v2\/media\/9933"}],"wp:attachment":[{"href":"https:\/\/izanges.fr\/voyance\/wp-json\/wp\/v2\/media?parent=392"}],"wp:term":[{"taxonomy":"product_brand","embeddable":true,"href":"https:\/\/izanges.fr\/voyance\/wp-json\/wp\/v2\/product_brand?post=392"},{"taxonomy":"product_cat","embeddable":true,"href":"https:\/\/izanges.fr\/voyance\/wp-json\/wp\/v2\/product_cat?post=392"},{"taxonomy":"product_tag","embeddable":true,"href":"https:\/\/izanges.fr\/voyance\/wp-json\/wp\/v2\/product_tag?post=392"}],"curies":[{"name":"wp","href":"https:\/\/api.w.org\/{rel}","templated":true}]}}