{"id":597,"date":"2015-09-24T13:55:11","date_gmt":"2015-09-24T12:55:11","guid":{"rendered":"https:\/\/izanges.fr\/voyance\/?post_type=product&#038;p=597"},"modified":"2024-08-27T07:29:09","modified_gmt":"2024-08-27T07:29:09","slug":"reponse-a-une-question-par-les-runes","status":"publish","type":"product","link":"https:\/\/izanges.fr\/voyance\/product\/reponse-a-une-question-par-les-runes\/","title":{"rendered":"R\u00e9ponse \u00e0 une question par les Runes"},"content":{"rendered":"<p><span style=\"text-decoration: underline;\"><strong>Que sont les runes\u00a0?<\/strong><\/span><br \/>\nLe mot \u00ab Futhark \u00bb se compose des six premi\u00e8res lettres de l&#8217;alphabet runique, qui en comprend 24. Celles-ci se r\u00e9partissent en trois groupes ou \u00ab aett \u00bb de huit runes : Frey, Heimdall (ou Hagal) et Tyr. Le mot rune tire son origine de plusieurs langues nordiques anciennes, dont en gallois \u00ab Rhin \u00bb, en islandais \u00ab runar \u00bb ou encore en saxon \u00ab runa \u00bb, qui signifient respectivement secret, myst\u00e8re et chuchotement. Les lettres de l&#8217;alphabet runique sont exclusivement constitu\u00e9s par des traits et, contrairement \u00e0 l&#8217;alphabet latin, les caract\u00e8res ne se lisent pas simplement, mais s&#8217;interpr\u00e8tent. En effet, chaque rune est porteuse d&#8217;une signification, d&#8217;un symbole, qui lui est propre.<br \/>\nPour la lecture d&#8217;un texte runique, il faut lire de droite \u00e0 gauche.\u00a0 \u00a0 \u00a0 \u00a0 \u00a0 \u00a0 \u00a0 \u00a0 \u00a0 \u00a0 \u00a0 \u00a0 \u00a0 \u00a0 \u00a0 \u00a0 \u00a0 \u00a0 \u00a0 \u00a0 \u00a0 \u00a0 \u00a0 \u00a0 \u00a0 \u00a0 \u00a0 \u00a0 \u00a0 \u00a0 \u00a0 \u00a0 \u00a0 \u00a0 \u00a0 \u00a0 \u00a0 \u00a0 \u00a0 \u00a0 \u00a0 \u00a0 \u00a0 \u00a0 \u00a0 \u00a0 \u00a0 \u00a0 \u00a0 \u00a0 \u00a0 \u00a0 \u00a0 \u00a0 \u00a0 \u00a0 \u00a0 \u00a0 \u00a0 \u00a0 \u00a0 \u00a0 \u00a0 \u00a0 \u00a0 \u00a0 \u00a0 \u00a0 \u00a0 \u00a0 \u00a0 \u00a0 \u00a0 \u00a0 \u00a0 \u00a0 \u00a0 \u00a0 \u00a0 \u00a0 \u00a0 \u00a0 \u00a0 \u00a0 \u00a0 \u00a0 \u00a0 \u00a0 \u00a0 \u00a0 \u00a0 \u00a0 \u00a0 \u00a0 \u00a0 \u00a0 \u00a0 \u00a0 \u00a0 \u00a0 \u00a0 \u00a0 \u00a0 \u00a0 \u00a0 \u00a0 \u00a0 \u00a0 \u00a0 \u00a0 \u00a0 \u00a0 \u00a0 \u00a0 \u00a0 \u00a0 \u00a0 \u00a0 \u00a0 \u00a0 \u00a0 \u00a0 \u00a0 \u00a0 \u00a0 \u00a0 \u00a0 \u00a0 \u00a0 \u00a0 \u00a0 \u00a0 \u00a0 \u00a0 \u00a0 \u00a0 \u00a0 \u00a0 \u00a0 \u00a0 \u00a0 \u00a0 \u00a0 \u00a0 \u00a0 \u00a0 \u00a0 \u00a0 \u00a0 \u00a0 \u00a0 \u00a0 \u00a0 \u00a0 \u00a0 \u00a0 \u00a0 \u00a0 \u00a0 \u00a0 \u00a0 \u00a0 \u00a0 \u00a0 \u00a0 \u00a0Le tirage des runes est une forme d\u2019arts divinatoires dont le principe est similaire \u00e0 celui du tarot. Il peut se faire de diff\u00e9rentes mani\u00e8res, selon les questions auxquelles on souhaite r\u00e9pondre.<\/p>\n<p>&nbsp;<\/p>\n<p>Il faudra me joindre votre question compl\u00e8te avec votre nom pr\u00e9nom ainsi que votre date de naissance.<\/p>\n","protected":false},"excerpt":{"rendered":"<p>Voyance gr\u00e2ce aux runes &hellip; <\/p>\n<p><a href=\"https:\/\/izanges.fr\/voyance\/product\/reponse-a-une-question-par-les-runes\/\" class=\"more-link\">Suite<span class=\"screen-reader-text\">R\u00e9ponse \u00e0 une question par les Runes<\/span><\/a><\/p>\n","protected":false},"featured_media":9878,"comment_status":"open","ping_status":"closed","template":"","meta":{"_monsterinsights_skip_tracking":false,"_monsterinsights_sitenote_active":false,"_monsterinsights_sitenote_note":"","_monsterinsights_sitenote_category":0},"product_brand":[],"product_cat":[15,58],"product_tag":[],"class_list":{"0":"post-597","1":"product","2":"type-product","3":"status-publish","4":"has-post-thumbnail","6":"product_cat-uncategorized","7":"product_cat-voyance-medium","9":"first","10":"instock","11":"virtual","12":"purchasable","13":"product-type-simple"},"aioseo_notices":[],"jetpack_sharing_enabled":true,"_links":{"self":[{"href":"https:\/\/izanges.fr\/voyance\/wp-json\/wp\/v2\/product\/597","targetHints":{"allow":["GET"]}}],"collection":[{"href":"https:\/\/izanges.fr\/voyance\/wp-json\/wp\/v2\/product"}],"about":[{"href":"https:\/\/izanges.fr\/voyance\/wp-json\/wp\/v2\/types\/product"}],"replies":[{"embeddable":true,"href":"https:\/\/izanges.fr\/voyance\/wp-json\/wp\/v2\/comments?post=597"}],"wp:featuredmedia":[{"embeddable":true,"href":"https:\/\/izanges.fr\/voyance\/wp-json\/wp\/v2\/media\/9878"}],"wp:attachment":[{"href":"https:\/\/izanges.fr\/voyance\/wp-json\/wp\/v2\/media?parent=597"}],"wp:term":[{"taxonomy":"product_brand","embeddable":true,"href":"https:\/\/izanges.fr\/voyance\/wp-json\/wp\/v2\/product_brand?post=597"},{"taxonomy":"product_cat","embeddable":true,"href":"https:\/\/izanges.fr\/voyance\/wp-json\/wp\/v2\/product_cat?post=597"},{"taxonomy":"product_tag","embeddable":true,"href":"https:\/\/izanges.fr\/voyance\/wp-json\/wp\/v2\/product_tag?post=597"}],"curies":[{"name":"wp","href":"https:\/\/api.w.org\/{rel}","templated":true}]}}