{"id":600,"date":"2015-09-24T14:12:21","date_gmt":"2015-09-24T13:12:21","guid":{"rendered":"https:\/\/izanges.fr\/voyance\/?post_type=product&#038;p=600"},"modified":"2024-08-27T07:29:03","modified_gmt":"2024-08-27T07:29:03","slug":"purification-de-lhabitat-simple-durant-un-jour","status":"publish","type":"product","link":"https:\/\/izanges.fr\/voyance\/product\/purification-de-lhabitat-simple-durant-un-jour\/","title":{"rendered":"Purification de l&#8217;habitat simple durant un jour"},"content":{"rendered":"<p>Comment reconna\u00eetre une maison qui a besoin de purification ?<\/p>\n<p>Craquements et bruits inexpliqu\u00e9s, ampoules qui grillent, panne des appareils sans raison valable.<br \/>\nImpression de mal \u00eatre d&#8217;une pr\u00e9sence, sentiment d\u2019\u00eatre observ\u00e9 alors qu&#8217;on est seul dans une pi\u00e8ces.<br \/>\nPlantes qui meurent.<br \/>\nLes personnes vivant dans une maison infest\u00e9e auront le plus souvent un sommeil non r\u00e9parateur,<br \/>\nune lourdeur dans tout le corps , des migraines inexpliqu\u00e9es, troubles respiratoires importants, irritabilit\u00e9, troubles de l&#8217;humeur, enfants anormalement turbulents.<br \/>\nOn ne devrait jamais emm\u00e9nager dans sa nouvelle habitation, surtout si elle n&#8217;est pas neuve<br \/>\nsans la purifier de toutes les pollutions \u00e9nerg\u00e9tiques qui s&#8217;y trouvent : vibrations de suicide, s\u00e9paration, d\u00e9pression, disputes violentes&#8230; tel un buvard, les murs emmagasinent les \u00e9nergies que r\u00e9pandent ses habitants, avant de les diffuser ensuite de mani\u00e8re permanente, bien apr\u00e8s leur d\u00e9part&#8230; sans parler des fant\u00f4mes<\/p>\n<p>Pour prendre rendez-vous 07 82 39 90 90.<\/p>\n<p>Je le pratique \u00e0 distance sur photos.<br \/>\nJe vous expliquerai tout sur le moment.<\/p>\n","protected":false},"excerpt":{"rendered":"<p>Comment reconna\u00eetre une maison qui a besoin de purification ? Craquements et bruits inexpliqu\u00e9s, ampoules qui grillent, panne des appareils sans raison valable. Impression de mal \u00eatre d&#8217;une pr\u00e9sence, sentiment<\/p>\n<p><a href=\"https:\/\/izanges.fr\/voyance\/product\/purification-de-lhabitat-simple-durant-un-jour\/\" class=\"more-link\">Suite<span class=\"screen-reader-text\">Purification de l&#8217;habitat simple durant un jour<\/span><\/a><\/p>\n","protected":false},"featured_media":9940,"comment_status":"open","ping_status":"closed","template":"","meta":{"_monsterinsights_skip_tracking":false,"_monsterinsights_sitenote_active":false,"_monsterinsights_sitenote_note":"","_monsterinsights_sitenote_category":0},"product_brand":[],"product_cat":[57],"product_tag":[],"class_list":{"0":"post-600","1":"product","2":"type-product","3":"status-publish","4":"has-post-thumbnail","6":"product_cat-purification-protection","8":"first","9":"instock","10":"virtual","11":"purchasable","12":"product-type-simple"},"aioseo_notices":[],"jetpack_sharing_enabled":true,"_links":{"self":[{"href":"https:\/\/izanges.fr\/voyance\/wp-json\/wp\/v2\/product\/600","targetHints":{"allow":["GET"]}}],"collection":[{"href":"https:\/\/izanges.fr\/voyance\/wp-json\/wp\/v2\/product"}],"about":[{"href":"https:\/\/izanges.fr\/voyance\/wp-json\/wp\/v2\/types\/product"}],"replies":[{"embeddable":true,"href":"https:\/\/izanges.fr\/voyance\/wp-json\/wp\/v2\/comments?post=600"}],"wp:featuredmedia":[{"embeddable":true,"href":"https:\/\/izanges.fr\/voyance\/wp-json\/wp\/v2\/media\/9940"}],"wp:attachment":[{"href":"https:\/\/izanges.fr\/voyance\/wp-json\/wp\/v2\/media?parent=600"}],"wp:term":[{"taxonomy":"product_brand","embeddable":true,"href":"https:\/\/izanges.fr\/voyance\/wp-json\/wp\/v2\/product_brand?post=600"},{"taxonomy":"product_cat","embeddable":true,"href":"https:\/\/izanges.fr\/voyance\/wp-json\/wp\/v2\/product_cat?post=600"},{"taxonomy":"product_tag","embeddable":true,"href":"https:\/\/izanges.fr\/voyance\/wp-json\/wp\/v2\/product_tag?post=600"}],"curies":[{"name":"wp","href":"https:\/\/api.w.org\/{rel}","templated":true}]}}