{"id":6283,"date":"2021-12-06T17:30:03","date_gmt":"2021-12-06T16:30:03","guid":{"rendered":"https:\/\/izanges.fr\/voyance\/?post_type=product&#038;p=6283"},"modified":"2024-08-26T15:38:54","modified_gmt":"2024-08-26T15:38:54","slug":"collier-argente-ragouel","status":"publish","type":"product","link":"https:\/\/izanges.fr\/voyance\/product\/collier-argente-ragouel\/","title":{"rendered":"Collier argent\u00e9 Ragouel"},"content":{"rendered":"<p>Collier mixte argent\u00e9 Ragouel.<\/p>\n<p>Le pendentif est un c\u0153ur avec un strass central et de chaque c\u00f4t\u00e9 des ailes d&#8217;ange.<\/p>\n<p>Il est en plaqu\u00e9 argent fantaisie.<\/p>\n<p>Bijoux fantaisie.<\/p>\n<p>Livr\u00e9 pr\u00eat \u00e0 offrir.<\/p>\n<p><strong>Mesures du bijou:<\/strong><\/p>\n<p>Longueur de la chaine : 46 cm<\/p>\n<p>Largeur du pendentif : 2,4 cm<\/p>\n<p>Hauteur du pendentif : 2,1 cm<\/p>\n<p>Le strass central brille vraiment \u00e0 la lumi\u00e8re du soleil !<\/p>\n","protected":false},"excerpt":{"rendered":"<p>Longueur de la chaine 46 cm.<\/p>\n<p>Largeur du pendentif: 2,4 cm<\/p>\n<p>Hauteur 2,1 cm.<\/p>\n<p>Lee strass central brille vraiment \u00e0 la lumi\u00e8re du soleil.<\/p>\n<p>Ce collier est mixte. &hellip; <\/p>\n<p><a href=\"https:\/\/izanges.fr\/voyance\/product\/collier-argente-ragouel\/\" class=\"more-link\">Suite<span class=\"screen-reader-text\">Collier argent\u00e9 Ragouel<\/span><\/a><\/p>\n","protected":false},"featured_media":9895,"comment_status":"open","ping_status":"closed","template":"","meta":{"_monsterinsights_skip_tracking":false,"_monsterinsights_sitenote_active":false,"_monsterinsights_sitenote_note":"","_monsterinsights_sitenote_category":0},"product_brand":[],"product_cat":[63,15],"product_tag":[],"class_list":{"0":"post-6283","1":"product","2":"type-product","3":"status-publish","4":"has-post-thumbnail","6":"product_cat-bijoux","7":"product_cat-uncategorized","9":"first","10":"instock","11":"shipping-taxable","12":"purchasable","13":"product-type-simple"},"aioseo_notices":[],"jetpack_sharing_enabled":true,"_links":{"self":[{"href":"https:\/\/izanges.fr\/voyance\/wp-json\/wp\/v2\/product\/6283","targetHints":{"allow":["GET"]}}],"collection":[{"href":"https:\/\/izanges.fr\/voyance\/wp-json\/wp\/v2\/product"}],"about":[{"href":"https:\/\/izanges.fr\/voyance\/wp-json\/wp\/v2\/types\/product"}],"replies":[{"embeddable":true,"href":"https:\/\/izanges.fr\/voyance\/wp-json\/wp\/v2\/comments?post=6283"}],"wp:featuredmedia":[{"embeddable":true,"href":"https:\/\/izanges.fr\/voyance\/wp-json\/wp\/v2\/media\/9895"}],"wp:attachment":[{"href":"https:\/\/izanges.fr\/voyance\/wp-json\/wp\/v2\/media?parent=6283"}],"wp:term":[{"taxonomy":"product_brand","embeddable":true,"href":"https:\/\/izanges.fr\/voyance\/wp-json\/wp\/v2\/product_brand?post=6283"},{"taxonomy":"product_cat","embeddable":true,"href":"https:\/\/izanges.fr\/voyance\/wp-json\/wp\/v2\/product_cat?post=6283"},{"taxonomy":"product_tag","embeddable":true,"href":"https:\/\/izanges.fr\/voyance\/wp-json\/wp\/v2\/product_tag?post=6283"}],"curies":[{"name":"wp","href":"https:\/\/api.w.org\/{rel}","templated":true}]}}