{"id":6286,"date":"2021-12-06T17:43:14","date_gmt":"2021-12-06T16:43:14","guid":{"rendered":"https:\/\/izanges.fr\/voyance\/?post_type=product&#038;p=6286"},"modified":"2025-11-24T02:51:22","modified_gmt":"2025-11-24T02:51:22","slug":"porte-clef-jophiel","status":"publish","type":"product","link":"https:\/\/izanges.fr\/voyance\/product\/porte-clef-jophiel\/","title":{"rendered":"Porte clef Jophiel."},"content":{"rendered":"<p>Porte clef Jophiel en acier argent\u00e9.<\/p>\n<p>Il est tr\u00e8s l\u00e9ger !<\/p>\n<p>Longueur totale : 18 cm.<\/p>\n<p>Hauteur de l&#8217;ange : 2,5 cm<\/p>\n<p>Largeur de l&#8217;ange : 2,4 cm.<\/p>\n","protected":false},"excerpt":{"rendered":"<p>Porte clef Jophiel en acier argent\u00e9. Il est tr\u00e8s l\u00e9ger ! Longueur totale : 18 cm. Hauteur de l&#8217;ange : 2,5 cm Largeur de l&#8217;ange : 2,4 cm.<\/p>\n","protected":false},"featured_media":9900,"comment_status":"open","ping_status":"closed","template":"","meta":{"_monsterinsights_skip_tracking":false,"_monsterinsights_sitenote_active":false,"_monsterinsights_sitenote_note":"","_monsterinsights_sitenote_category":0},"product_brand":[],"product_cat":[63],"product_tag":[],"class_list":{"0":"post-6286","1":"product","2":"type-product","3":"status-publish","4":"has-post-thumbnail","6":"product_cat-bijoux","8":"first","9":"instock","10":"shipping-taxable","11":"purchasable","12":"product-type-simple"},"aioseo_notices":[],"jetpack_sharing_enabled":true,"_links":{"self":[{"href":"https:\/\/izanges.fr\/voyance\/wp-json\/wp\/v2\/product\/6286","targetHints":{"allow":["GET"]}}],"collection":[{"href":"https:\/\/izanges.fr\/voyance\/wp-json\/wp\/v2\/product"}],"about":[{"href":"https:\/\/izanges.fr\/voyance\/wp-json\/wp\/v2\/types\/product"}],"replies":[{"embeddable":true,"href":"https:\/\/izanges.fr\/voyance\/wp-json\/wp\/v2\/comments?post=6286"}],"wp:featuredmedia":[{"embeddable":true,"href":"https:\/\/izanges.fr\/voyance\/wp-json\/wp\/v2\/media\/9900"}],"wp:attachment":[{"href":"https:\/\/izanges.fr\/voyance\/wp-json\/wp\/v2\/media?parent=6286"}],"wp:term":[{"taxonomy":"product_brand","embeddable":true,"href":"https:\/\/izanges.fr\/voyance\/wp-json\/wp\/v2\/product_brand?post=6286"},{"taxonomy":"product_cat","embeddable":true,"href":"https:\/\/izanges.fr\/voyance\/wp-json\/wp\/v2\/product_cat?post=6286"},{"taxonomy":"product_tag","embeddable":true,"href":"https:\/\/izanges.fr\/voyance\/wp-json\/wp\/v2\/product_tag?post=6286"}],"curies":[{"name":"wp","href":"https:\/\/api.w.org\/{rel}","templated":true}]}}