{"id":6291,"date":"2021-12-06T18:02:57","date_gmt":"2021-12-06T17:02:57","guid":{"rendered":"https:\/\/izanges.fr\/voyance\/?post_type=product&#038;p=6291"},"modified":"2024-08-26T15:36:19","modified_gmt":"2024-08-26T15:36:19","slug":"pendentif-croix-dange-vehuiah","status":"publish","type":"product","link":"https:\/\/izanges.fr\/voyance\/product\/pendentif-croix-dange-vehuiah\/","title":{"rendered":"Pendentif Croix d&#8217;ange Vehuiah."},"content":{"rendered":"<p>Pendentif Croix d&#8217;ange Vehuiah.<\/p>\n<p>Croix mixte.<\/p>\n<p>Livr\u00e9 pr\u00eate \u00e0 offrir.<\/p>\n<p>En acier argent\u00e9.<\/p>\n<p>Longueur : 3,5 cm<\/p>\n<p>Largeur : 1,8 cm.<\/p>\n<p>Je trouve cette croix tr\u00e8s originale au cou.<\/p>\n","protected":false},"excerpt":{"rendered":"<p>Pendentif Croix d&#8217;ange Vehuiah. Croix mixte. Livr\u00e9 pr\u00eate \u00e0 offrir. En acier argent\u00e9. Longueur : 3,5 cm Largeur : 1,8 cm. Je trouve cette croix tr\u00e8s originale au cou.<\/p>\n","protected":false},"featured_media":9898,"comment_status":"open","ping_status":"closed","template":"","meta":{"_monsterinsights_skip_tracking":false,"_monsterinsights_sitenote_active":false,"_monsterinsights_sitenote_note":"","_monsterinsights_sitenote_category":0},"product_brand":[],"product_cat":[63],"product_tag":[],"class_list":{"0":"post-6291","1":"product","2":"type-product","3":"status-publish","4":"has-post-thumbnail","6":"product_cat-bijoux","8":"first","9":"instock","10":"shipping-taxable","11":"purchasable","12":"product-type-simple"},"aioseo_notices":[],"jetpack_sharing_enabled":true,"_links":{"self":[{"href":"https:\/\/izanges.fr\/voyance\/wp-json\/wp\/v2\/product\/6291","targetHints":{"allow":["GET"]}}],"collection":[{"href":"https:\/\/izanges.fr\/voyance\/wp-json\/wp\/v2\/product"}],"about":[{"href":"https:\/\/izanges.fr\/voyance\/wp-json\/wp\/v2\/types\/product"}],"replies":[{"embeddable":true,"href":"https:\/\/izanges.fr\/voyance\/wp-json\/wp\/v2\/comments?post=6291"}],"wp:featuredmedia":[{"embeddable":true,"href":"https:\/\/izanges.fr\/voyance\/wp-json\/wp\/v2\/media\/9898"}],"wp:attachment":[{"href":"https:\/\/izanges.fr\/voyance\/wp-json\/wp\/v2\/media?parent=6291"}],"wp:term":[{"taxonomy":"product_brand","embeddable":true,"href":"https:\/\/izanges.fr\/voyance\/wp-json\/wp\/v2\/product_brand?post=6291"},{"taxonomy":"product_cat","embeddable":true,"href":"https:\/\/izanges.fr\/voyance\/wp-json\/wp\/v2\/product_cat?post=6291"},{"taxonomy":"product_tag","embeddable":true,"href":"https:\/\/izanges.fr\/voyance\/wp-json\/wp\/v2\/product_tag?post=6291"}],"curies":[{"name":"wp","href":"https:\/\/api.w.org\/{rel}","templated":true}]}}