{"id":6608,"date":"2022-11-21T11:31:08","date_gmt":"2022-11-21T10:31:08","guid":{"rendered":"https:\/\/izanges.fr\/voyance\/?post_type=product&#038;p=6608"},"modified":"2025-11-24T02:51:22","modified_gmt":"2025-11-24T02:51:22","slug":"collier-mixte-gabriel-en-acier-argente","status":"publish","type":"product","link":"https:\/\/izanges.fr\/voyance\/product\/collier-mixte-gabriel-en-acier-argente\/","title":{"rendered":"Collier mixte Gabriel en acier argent\u00e9"},"content":{"rendered":"<p>Collier mixte argent\u00e9.<\/p>\n<p>Il repr\u00e9sente deux ailes qui se croisent.<\/p>\n<p>Bijoux fantaisie.<\/p>\n<p><em>Longueur de la chaine 52cm.<\/em><\/p>\n<p><em>Hauteur des ailes 2 cm<\/em><\/p>\n<p><em>Largeur 1,7 cm.<\/em><\/p>\n<p><em>En acier argent\u00e9 .<\/em><\/p>\n<p><em>Le tout est livr\u00e9 dans une boite pr\u00eate \u00e0 offrir.<\/em><\/p>\n","protected":false},"excerpt":{"rendered":"<p>Collier mixte argent\u00e9. Il repr\u00e9sente deux ailes qui se croisent. Bijoux fantaisie. Longueur de la chaine 52cm. Hauteur des ailes 2 cm Largeur 1,7 cm. En acier argent\u00e9 . Le<\/p>\n<p><a href=\"https:\/\/izanges.fr\/voyance\/product\/collier-mixte-gabriel-en-acier-argente\/\" class=\"more-link\">Suite<span class=\"screen-reader-text\">Collier mixte Gabriel en acier argent\u00e9<\/span><\/a><\/p>\n","protected":false},"featured_media":9924,"comment_status":"open","ping_status":"closed","template":"","meta":{"_monsterinsights_skip_tracking":false,"_monsterinsights_sitenote_active":false,"_monsterinsights_sitenote_note":"","_monsterinsights_sitenote_category":0},"product_brand":[],"product_cat":[63],"product_tag":[],"class_list":{"0":"post-6608","1":"product","2":"type-product","3":"status-publish","4":"has-post-thumbnail","6":"product_cat-bijoux","8":"first","9":"instock","10":"shipping-taxable","11":"purchasable","12":"product-type-simple"},"aioseo_notices":[],"jetpack_sharing_enabled":true,"_links":{"self":[{"href":"https:\/\/izanges.fr\/voyance\/wp-json\/wp\/v2\/product\/6608","targetHints":{"allow":["GET"]}}],"collection":[{"href":"https:\/\/izanges.fr\/voyance\/wp-json\/wp\/v2\/product"}],"about":[{"href":"https:\/\/izanges.fr\/voyance\/wp-json\/wp\/v2\/types\/product"}],"replies":[{"embeddable":true,"href":"https:\/\/izanges.fr\/voyance\/wp-json\/wp\/v2\/comments?post=6608"}],"wp:featuredmedia":[{"embeddable":true,"href":"https:\/\/izanges.fr\/voyance\/wp-json\/wp\/v2\/media\/9924"}],"wp:attachment":[{"href":"https:\/\/izanges.fr\/voyance\/wp-json\/wp\/v2\/media?parent=6608"}],"wp:term":[{"taxonomy":"product_brand","embeddable":true,"href":"https:\/\/izanges.fr\/voyance\/wp-json\/wp\/v2\/product_brand?post=6608"},{"taxonomy":"product_cat","embeddable":true,"href":"https:\/\/izanges.fr\/voyance\/wp-json\/wp\/v2\/product_cat?post=6608"},{"taxonomy":"product_tag","embeddable":true,"href":"https:\/\/izanges.fr\/voyance\/wp-json\/wp\/v2\/product_tag?post=6608"}],"curies":[{"name":"wp","href":"https:\/\/api.w.org\/{rel}","templated":true}]}}