{"id":6612,"date":"2022-11-21T11:38:54","date_gmt":"2022-11-21T10:38:54","guid":{"rendered":"https:\/\/izanges.fr\/voyance\/?post_type=product&#038;p=6612"},"modified":"2025-11-24T02:51:22","modified_gmt":"2025-11-24T02:51:22","slug":"collier-coeur-union-metatron","status":"publish","type":"product","link":"https:\/\/izanges.fr\/voyance\/product\/collier-coeur-union-metatron\/","title":{"rendered":"Collier c\u0153ur union M\u00e9tatron"},"content":{"rendered":"<address><em>Collier coeur union M\u00e9tatron.<\/em><\/address>\n<address><em>Le coeur est orn\u00e9 de brillant.<\/em><\/address>\n<address><em>Bijoux fantaisie.<\/em><\/address>\n<address><em>Longueur de la chaine 46 cm.<\/em><\/address>\n<address><em>Largeur du pendentif 3 cm.<\/em><\/address>\n<address>\u00a0<\/address>\n<address><em>La chaine est argent\u00e9 et le pendentif est argent\u00e9 et dor\u00e9.<\/em><\/address>\n<address><em>Le tout est livr\u00e9 dans une boite pr\u00eate \u00e0 offrir.<\/em><\/address>\n","protected":false},"excerpt":{"rendered":"<address><em>Collier coeur union M\u00e9tatron.<\/em><\/address>\n<address><em>Le coeur est orn\u00e9 de brillant.<\/em><\/address>\n<address><em>Bijoux fantaisie.<\/em><\/address>\n<p> &hellip; <\/p>\n<p><a href=\"https:\/\/izanges.fr\/voyance\/product\/collier-coeur-union-metatron\/\" class=\"more-link\">Suite<span class=\"screen-reader-text\">Collier c\u0153ur union M\u00e9tatron<\/span><\/a><\/p>\n","protected":false},"featured_media":9921,"comment_status":"open","ping_status":"closed","template":"","meta":{"_monsterinsights_skip_tracking":false,"_monsterinsights_sitenote_active":false,"_monsterinsights_sitenote_note":"","_monsterinsights_sitenote_category":0},"product_brand":[],"product_cat":[63,15],"product_tag":[],"class_list":{"0":"post-6612","1":"product","2":"type-product","3":"status-publish","4":"has-post-thumbnail","6":"product_cat-bijoux","7":"product_cat-uncategorized","9":"first","10":"instock","11":"shipping-taxable","12":"purchasable","13":"product-type-simple"},"aioseo_notices":[],"jetpack_sharing_enabled":true,"_links":{"self":[{"href":"https:\/\/izanges.fr\/voyance\/wp-json\/wp\/v2\/product\/6612","targetHints":{"allow":["GET"]}}],"collection":[{"href":"https:\/\/izanges.fr\/voyance\/wp-json\/wp\/v2\/product"}],"about":[{"href":"https:\/\/izanges.fr\/voyance\/wp-json\/wp\/v2\/types\/product"}],"replies":[{"embeddable":true,"href":"https:\/\/izanges.fr\/voyance\/wp-json\/wp\/v2\/comments?post=6612"}],"wp:featuredmedia":[{"embeddable":true,"href":"https:\/\/izanges.fr\/voyance\/wp-json\/wp\/v2\/media\/9921"}],"wp:attachment":[{"href":"https:\/\/izanges.fr\/voyance\/wp-json\/wp\/v2\/media?parent=6612"}],"wp:term":[{"taxonomy":"product_brand","embeddable":true,"href":"https:\/\/izanges.fr\/voyance\/wp-json\/wp\/v2\/product_brand?post=6612"},{"taxonomy":"product_cat","embeddable":true,"href":"https:\/\/izanges.fr\/voyance\/wp-json\/wp\/v2\/product_cat?post=6612"},{"taxonomy":"product_tag","embeddable":true,"href":"https:\/\/izanges.fr\/voyance\/wp-json\/wp\/v2\/product_tag?post=6612"}],"curies":[{"name":"wp","href":"https:\/\/api.w.org\/{rel}","templated":true}]}}