{"id":6616,"date":"2022-11-21T11:47:10","date_gmt":"2022-11-21T10:47:10","guid":{"rendered":"https:\/\/izanges.fr\/voyance\/?post_type=product&#038;p=6616"},"modified":"2025-11-24T02:51:22","modified_gmt":"2025-11-24T02:51:22","slug":"collier-boule-uriel","status":"publish","type":"product","link":"https:\/\/izanges.fr\/voyance\/product\/collier-boule-uriel\/","title":{"rendered":"Collier boule Uriel"},"content":{"rendered":"<div id=\"product-description-short-30\">\n<address><em>Collier boule Uriel.<\/em><\/address>\n<address><em>Il est vraiment tr\u00e8s joli au cou.<\/em><\/address>\n<address><em>On peut mettre \u00e0 l&#8217;int\u00e9rieur 4 photos et des petits secrets.<\/em><\/address>\n<address>\u00a0<\/address>\n<address><em><em>Bijoux fantaisie.<\/em><\/em><\/address>\n<address>\u00a0<\/address>\n<address><em>La chaine mesure 70 cm.<\/em><\/address>\n<address>\u00a0<\/address>\n<address><em>Le diam\u00e8tre de la boule est de 2 cm.<\/em><\/address>\n<address><em>Acier argent\u00e9.<\/em><\/address>\n<address><em>Le tout est livr\u00e9 dans une boite pr\u00eate \u00e0 offrir.<\/em><\/address>\n<address>\u00a0<\/address>\n<\/div>\n<div class=\"product-actions\">\n<form id=\"add-to-cart-or-refresh\" action=\"https:\/\/boutique.izanges.fr\/panier\" method=\"post\">\n<section class=\"product-discounts\"><\/section>\n<div class=\"product-add-to-cart\"><em>Frais de Port de 4\u20ac en relais rajout\u00e9 au prix<\/em><\/div>\n<div><em>Le collier est \u00e0 22\u20ac + 4\u20ac de frais de port : total 26\u20ac<\/em><\/div>\n<\/form>\n<\/div>\n","protected":false},"excerpt":{"rendered":"<p>Collier boule Uriel. Il est vraiment tr\u00e8s joli au cou. On peut mettre \u00e0 l&#8217;int\u00e9rieur 4 photos et des petits secrets. \u00a0 Bijoux fantaisie. \u00a0 La chaine mesure 70 cm.<\/p>\n<p><a href=\"https:\/\/izanges.fr\/voyance\/product\/collier-boule-uriel\/\" class=\"more-link\">Suite<span class=\"screen-reader-text\">Collier boule Uriel<\/span><\/a><\/p>\n","protected":false},"featured_media":9901,"comment_status":"open","ping_status":"closed","template":"","meta":{"_monsterinsights_skip_tracking":false,"_monsterinsights_sitenote_active":false,"_monsterinsights_sitenote_note":"","_monsterinsights_sitenote_category":0},"product_brand":[],"product_cat":[63],"product_tag":[],"class_list":{"0":"post-6616","1":"product","2":"type-product","3":"status-publish","4":"has-post-thumbnail","6":"product_cat-bijoux","8":"first","9":"instock","10":"shipping-taxable","11":"purchasable","12":"product-type-simple"},"aioseo_notices":[],"jetpack_sharing_enabled":true,"_links":{"self":[{"href":"https:\/\/izanges.fr\/voyance\/wp-json\/wp\/v2\/product\/6616","targetHints":{"allow":["GET"]}}],"collection":[{"href":"https:\/\/izanges.fr\/voyance\/wp-json\/wp\/v2\/product"}],"about":[{"href":"https:\/\/izanges.fr\/voyance\/wp-json\/wp\/v2\/types\/product"}],"replies":[{"embeddable":true,"href":"https:\/\/izanges.fr\/voyance\/wp-json\/wp\/v2\/comments?post=6616"}],"wp:featuredmedia":[{"embeddable":true,"href":"https:\/\/izanges.fr\/voyance\/wp-json\/wp\/v2\/media\/9901"}],"wp:attachment":[{"href":"https:\/\/izanges.fr\/voyance\/wp-json\/wp\/v2\/media?parent=6616"}],"wp:term":[{"taxonomy":"product_brand","embeddable":true,"href":"https:\/\/izanges.fr\/voyance\/wp-json\/wp\/v2\/product_brand?post=6616"},{"taxonomy":"product_cat","embeddable":true,"href":"https:\/\/izanges.fr\/voyance\/wp-json\/wp\/v2\/product_cat?post=6616"},{"taxonomy":"product_tag","embeddable":true,"href":"https:\/\/izanges.fr\/voyance\/wp-json\/wp\/v2\/product_tag?post=6616"}],"curies":[{"name":"wp","href":"https:\/\/api.w.org\/{rel}","templated":true}]}}